{"id":2573,"date":"2024-09-17T06:44:24","date_gmt":"2024-09-17T03:44:24","guid":{"rendered":"https:\/\/pq.rumblefishvietnam.com\/?post_type=product&#038;p=2573"},"modified":"2024-09-17T07:55:01","modified_gmt":"2024-09-17T04:55:01","slug":"sidemount-rec-diver","status":"publish","type":"product","link":"https:\/\/pq.rumblefishvietnam.com\/vi\/san-pham\/sidemount-rec-diver\/","title":{"rendered":"Sidemount Rec Diver"},"content":{"rendered":"<h2 class=\"mt-2 text-4xl font-bold tracking-tight text-gray-900\">V\u1ec1 Kho\u00e1 H\u1ecdc<\/h2>\n<div class=\"mt-6 text-lg leading-8 text-gray-600\">\n<div class=\"prose max-w-full\">\n<div>\n<p>L\u1eb7n bi\u1ec3n v\u1edbi b\u00ecnh kh\u00ed g\u1eafn b\u00ean h\u00f4ng c\u00f3 ngh\u0129a l\u00e0 b\u1ea1n mang b\u00ecnh kh\u00ed \u1edf hai b\u00ean thay v\u00ec \u0111eo sau l\u01b0ng. \u0110i\u1ec1u n\u00e0y c\u00f3 th\u1ec3 gi\u1ea3m s\u1ee9c n\u1eb1ng v\u00e0 l\u1ef1c c\u1ea3n gi\u00fap tho\u1ea3i m\u00e1i h\u01a1n cho nhi\u1ec1u th\u1ee3 l\u1eb7n. L\u1eb7n Sidemount - g\u1eafn b\u00ean h\u00f4ng th\u01b0\u1eddng l\u1eb7n v\u1edbi hai b\u00ecnh kh\u00ed nh\u1ecf h\u01a1n \u0111\u01b0\u1ee3c g\u1eafn khi \u1edf d\u01b0\u1edbi n\u01b0\u1edbc.<\/p>\n<h3><strong>B\u1ea1n s\u1ebd h\u1ecdc g\u00ec<\/strong><\/h3>\n<ul>\n<li>L\u1eafp r\u00e1p thi\u1ebft b\u1ecb Sidemount<\/li>\n<li>\u0110eo b\u00ecnh d\u01b0\u1edbi n\u01b0\u1edbc<\/li>\n<li>\u0110i\u1ec1u ch\u1ec9nh tr\u1ecdng l\u01b0\u1ee3ng c\u1ee7a b\u1ea1n \u0111\u1ec3 c\u00e2n b\u1eb1ng t\u1ed1i \u01b0u<\/li>\n<li>\u0110\u00e1 ch\u00e2n \u1ebfch \u0111\u1ec3 di chuy\u1ec3n d\u1ec5 d\u00e0ng khi \u0111eo thi\u1ebft b\u1ecb g\u1eafn b\u00ean h\u00f4ng<\/li>\n<\/ul>\n<\/div>\n<\/div>\n<\/div>\n<p class=\"zfr3Q CDt4Ke\" dir=\"ltr\"><strong>\u0110\u1ea7u ti\u00ean, b\u1ea1n s\u1ebd l\u1eb7n \u1edf v\u00f9ng n\u01b0\u1edbc h\u1ea1n ch\u1ebf (h\u1ed3 b\u01a1i) \u0111\u1ec3 l\u00e0m quen v\u1edbi thi\u1ebft b\u1ecb l\u1eb7n sidemount. Gi\u00e1o vi\u00ean PADI c\u1ee7a b\u1ea1n c\u0169ng s\u1ebd d\u1ea1y b\u1ea1n c\u00e1c k\u1ef9 n\u0103ng l\u1eb7n sidemount bao g\u1ed3m: <\/strong><\/p>\n<ul>\n<li class=\"zfr3Q CDt4Ke\" dir=\"ltr\">\u0110\u00e1 ch\u00e2n \u1ebfch, g\u1eafn v\u00e0 th\u00e1o b\u00ecnh l\u1eb7n khi b\u1ea1n v\u00e0o v\u00e0 ra kh\u1ecfi n\u01b0\u1edbc<\/li>\n<li class=\"zfr3Q CDt4Ke\" dir=\"ltr\">Th\u00e1o, l\u1eafp b\u00ecnh l\u1eb7n v\u00e0 b\u01a1i v\u1edbi b\u00ecnh \u1edf ph\u00eda tr\u01b0\u1edbc b\u1ea1n<\/li>\n<li class=\"zfr3Q CDt4Ke\" dir=\"ltr\">c\u00e1ch chuy\u1ec3n \u0111\u1ed5i giai \u0111o\u1ea1n th\u1ee9 hai v\u00e0 qu\u1ea3n l\u00fd kh\u00ed th\u1edf khi \u0111eo hai b\u00ecnh l\u1eb7n.<\/li>\n<\/ul>\n<p class=\"zfr3Q CDt4Ke\" dir=\"ltr\"><strong>Khi b\u1ea1n \u0111\u00e3 th\u00e0nh th\u1ea1o nh\u1eefng k\u1ef9 n\u0103ng n\u00e0y, b\u1ea1n s\u1ebd th\u1ef1c hi\u1ec7n ba ca l\u1eb7n \u1edf v\u00f9ng n\u01b0\u1edbc t\u1ef1 nhi\u00ean \u0111\u1ec3 th\u1ef1c h\u00e0nh c\u00e1c k\u1ef9 n\u0103ng h\u1ecdc trong h\u1ed3 b\u01a1i, v\u00e0 k\u1ef9 n\u0103ng m\u1edbi, ki\u1ec3m so\u00e1t \u0111\u1ed9 n\u1ed5i v\u00e0 gi\u1ea3i quy\u1ebft v\u1ea5n \u0111\u1ec1.<\/strong><\/p>","protected":false},"excerpt":{"rendered":"<div class=\"px-8 pb-8 md:px-16 md:pb-16\">\n<div class=\"mt-8 whitespace-pre-line text-padi-gray-darker md:mt-12\">L\u1eb7n bi\u1ec3n v\u1edbi b\u00ecnh kh\u00ed g\u1eafn b\u00ean h\u00f4ng c\u00f3 ngh\u0129a l\u00e0 b\u1ea1n mang b\u00ecnh kh\u00ed \u1edf hai b\u00ean thay v\u00ec \u0111eo sau l\u01b0ng. \u0110i\u1ec1u n\u00e0y c\u00f3 th\u1ec3 gi\u1ea3m s\u1ee9c n\u1eb1ng v\u00e0 l\u1ef1c c\u1ea3n gi\u00fap tho\u1ea3i m\u00e1i h\u01a1n cho nhi\u1ec1u th\u1ee3 l\u1eb7n. L\u1eb7n Sidemount - g\u1eafn b\u00ean h\u00f4ng th\u01b0\u1eddng l\u1eb7n v\u1edbi hai b\u00ecnh kh\u00ed nh\u1ecf h\u01a1n \u0111\u01b0\u1ee3c g\u1eafn khi \u1edf d\u01b0\u1edbi n\u01b0\u1edbc.<\/div>\n<\/div>","protected":false},"featured_media":2576,"comment_status":"open","ping_status":"closed","template":"","meta":[],"product_cat":[32,75,78,79,55,56],"product_tag":[95,62,93,96,94],"class_list":{"0":"post-2573","1":"product","2":"type-product","3":"status-publish","4":"has-post-thumbnail","6":"product_cat-all-tours-trips","7":"product_cat-continue-learning","8":"product_cat-for-kids","9":"product_cat-ho-chi-minh","10":"product_cat-nha-trang","11":"product_cat-padi-courses","12":"product_tag-advanced","13":"product_tag-continuing-education","14":"product_tag-photography","15":"product_tag-sidemount","16":"product_tag-underwater-photography","18":"first","19":"instock","20":"shipping-taxable","21":"purchasable","22":"product-type-simple"},"_links":{"self":[{"href":"https:\/\/pq.rumblefishvietnam.com\/vi\/wp-json\/wp\/v2\/product\/2573","targetHints":{"allow":["GET"]}}],"collection":[{"href":"https:\/\/pq.rumblefishvietnam.com\/vi\/wp-json\/wp\/v2\/product"}],"about":[{"href":"https:\/\/pq.rumblefishvietnam.com\/vi\/wp-json\/wp\/v2\/types\/product"}],"replies":[{"embeddable":true,"href":"https:\/\/pq.rumblefishvietnam.com\/vi\/wp-json\/wp\/v2\/comments?post=2573"}],"wp:featuredmedia":[{"embeddable":true,"href":"https:\/\/pq.rumblefishvietnam.com\/vi\/wp-json\/wp\/v2\/media\/2576"}],"wp:attachment":[{"href":"https:\/\/pq.rumblefishvietnam.com\/vi\/wp-json\/wp\/v2\/media?parent=2573"}],"wp:term":[{"taxonomy":"product_cat","embeddable":true,"href":"https:\/\/pq.rumblefishvietnam.com\/vi\/wp-json\/wp\/v2\/product_cat?post=2573"},{"taxonomy":"product_tag","embeddable":true,"href":"https:\/\/pq.rumblefishvietnam.com\/vi\/wp-json\/wp\/v2\/product_tag?post=2573"}],"curies":[{"name":"wp","href":"https:\/\/api.w.org\/{rel}","templated":true}]}}