{"id":2563,"date":"2024-09-17T05:38:03","date_gmt":"2024-09-17T02:38:03","guid":{"rendered":"https:\/\/pq.rumblefishvietnam.com\/?post_type=product&#038;p=2563"},"modified":"2024-09-18T03:28:21","modified_gmt":"2024-09-18T00:28:21","slug":"advanced-underwater-photography-course","status":"publish","type":"product","link":"https:\/\/pq.rumblefishvietnam.com\/vi\/san-pham\/advanced-underwater-photography-course\/","title":{"rendered":"Nhi\u1ebfp \u1ea3nh d\u01b0\u1edbi n\u01b0\u1edbc n\u00e2ng cao"},"content":{"rendered":"<h3 class=\"CjVfdc\"><strong><span class=\"C9DxTc\">V\u1ec1 Kho\u00e1 H\u1ecdc<\/span><\/strong><\/h3>\n<p class=\"zfr3Q CDt4Ke\" dir=\"ltr\"><span class=\"C9DxTc\">Kh\u00f3a h\u1ecdc h\u01b0\u1edbng d\u1eabn t\u1eebng b\u01b0\u1edbc k\u00e9o d\u00e0i 4 ng\u00e0y, t\u1eeb ch\u1ee5p \u1ea3nh \u0111\u1ebfn kh\u00e2u h\u1eadu k\u1ef3 cu\u1ed1i c\u00f9ng.<\/span><\/p>\n<ul class=\"n8H08c UVNKR\">\n<li class=\"zfr3Q TYR86d eD0Rn\" dir=\"ltr\">\n<p class=\"zfr3Q CDt4Ke\" dir=\"ltr\" role=\"presentation\"><span class=\"C9DxTc\">Bao g\u1ed3m 2 l\u1ea7n l\u1eb7n h\u1ed3 b\u01a1i + 4 l\u1ea7n l\u1eb7n ch\u1ee5p \u1ea3nh ngo\u00e0i bi\u1ec3n.<\/span><\/p>\n<\/li>\n<li class=\"zfr3Q TYR86d eD0Rn\" dir=\"ltr\">\n<p class=\"zfr3Q CDt4Ke\" dir=\"ltr\" role=\"presentation\"><span class=\"C9DxTc\">3 \u0111i\u1ec3m \u0111\u1ebfn c\u00f3 th\u1ec3 \u0111\u1ec3 h\u1ecdc.<\/span><\/p>\n<\/li>\n<li class=\"zfr3Q TYR86d eD0Rn\" dir=\"ltr\">\n<p class=\"zfr3Q CDt4Ke\" dir=\"ltr\" role=\"presentation\"><span class=\"C9DxTc\">L\u1ecbch h\u1ecdc linh ho\u1ea1t.<\/span><\/p>\n<\/li>\n<\/ul>\n<p><img decoding=\"async\" class=\"lazyload alignnone  wp-image-2582\" src=\"https:\/\/pq.rumblefishvietnam.com\/wp-content\/uploads\/2024\/09\/Price-300x276.jpg\" data-orig-src=\"https:\/\/pq.rumblefishvietnam.com\/wp-content\/uploads\/2024\/09\/Price-300x276.jpg\" alt=\"\" width=\"1023\" height=\"941\" srcset=\"data:image\/svg+xml,%3Csvg%20xmlns%3D%27http%3A%2F%2Fwww.w3.org%2F2000%2Fsvg%27%20width%3D%271023%27%20height%3D%27941%27%20viewBox%3D%270%200%201023%20941%27%3E%3Crect%20width%3D%271023%27%20height%3D%27941%27%20fill-opacity%3D%220%22%2F%3E%3C%2Fsvg%3E\" data-srcset=\"https:\/\/pq.rumblefishvietnam.com\/wp-content\/uploads\/2024\/09\/Price-13x12.jpg 13w, https:\/\/pq.rumblefishvietnam.com\/wp-content\/uploads\/2024\/09\/Price-200x184.jpg 200w, https:\/\/pq.rumblefishvietnam.com\/wp-content\/uploads\/2024\/09\/Price-300x276.jpg 300w, https:\/\/pq.rumblefishvietnam.com\/wp-content\/uploads\/2024\/09\/Price-400x368.jpg 400w, https:\/\/pq.rumblefishvietnam.com\/wp-content\/uploads\/2024\/09\/Price-500x460.jpg 500w, https:\/\/pq.rumblefishvietnam.com\/wp-content\/uploads\/2024\/09\/Price-600x552.jpg 600w, https:\/\/pq.rumblefishvietnam.com\/wp-content\/uploads\/2024\/09\/Price-700x644.jpg 700w, https:\/\/pq.rumblefishvietnam.com\/wp-content\/uploads\/2024\/09\/Price-768x706.jpg 768w, https:\/\/pq.rumblefishvietnam.com\/wp-content\/uploads\/2024\/09\/Price-800x736.jpg 800w, https:\/\/pq.rumblefishvietnam.com\/wp-content\/uploads\/2024\/09\/Price-1024x942.jpg 1024w, https:\/\/pq.rumblefishvietnam.com\/wp-content\/uploads\/2024\/09\/Price-1200x1104.jpg 1200w, https:\/\/pq.rumblefishvietnam.com\/wp-content\/uploads\/2024\/09\/Price-1536x1413.jpg 1536w, https:\/\/pq.rumblefishvietnam.com\/wp-content\/uploads\/2024\/09\/Price.jpg 1754w\" data-sizes=\"auto\" data-orig-sizes=\"(max-width: 1023px) 100vw, 1023px\" \/><\/p>\n<p class=\"zfr3Q CDt4Ke\" dir=\"ltr\"><strong>B\u1ea1n \u0111\u00e3 ch\u1ee5p \u0111\u01b0\u1ee3c v\u00f4 s\u1ed1 b\u1ee9c \u1ea3nh d\u01b0\u1edbi n\u01b0\u1edbc nh\u01b0ng ch\u01b0a bao gi\u1edd c\u1ea3m th\u1ea5y ch\u00fang th\u1ef1c s\u1ef1 \u0111\u1ea1i di\u1ec7n cho kinh nghi\u1ec7m ho\u1eb7c t\u1ea7m nh\u00ecn c\u1ee7a b\u1ea1n. M\u1eb7c d\u00f9 kh\u00f4ng c\u00f3 k\u1ef9 n\u0103ng n\u00e0o c\u00f3 th\u1ec3 bi\u1ebfn m\u1ed9t b\u1ee9c \u1ea3nh t\u1ec7 th\u00e0nh m\u1ed9t b\u1ee9c \u1ea3nh \u0111\u1eb9p*, nh\u01b0ng c\u00f3 l\u1ebd b\u1ea1n ch\u1ec9 c\u1ea7n s\u1ef1 tr\u1ee3 gi\u00fap \u0111\u1ec3 bi\u1ebfn m\u1ed9t b\u1ee9c \u1ea3nh \u0111\u1eb9p th\u00e0nh m\u1ed9t b\u1ee9c \u1ea3nh tuy\u1ec7t v\u1eddi!<\/strong><\/p>\n<p class=\"zfr3Q CDt4Ke\" dir=\"ltr\">\u0110\u00f3 l\u00e0 l\u00fd do t\u1ea1i sao ch\u00fang t\u00f4i c\u0169ng cung c\u1ea5p kh\u00f3a h\u1ecdc H\u1eadu k\u1ef3 \u0111\u1ec3 gi\u00fap b\u1ea1n h\u1ecdc c\u00e1c k\u1ef9 thu\u1eadt ch\u1ec9nh s\u1eeda \u1ea3nh v\u00e0 d\u1ef1ng phim n\u00e2ng cao, gi\u00fap b\u1ea1n k\u1ec3 c\u00e2u chuy\u1ec7n b\u1ea1n ngh\u0129 v\u00e0 t\u00f4n vinh v\u1ebb \u0111\u1eb9p c\u1ee7a th\u1ebf gi\u1edbi d\u01b0\u1edbi n\u01b0\u1edbc. Thay v\u00ec \u0111\u1ec3 nh\u1eefng b\u1ee9c \u1ea3nh th\u00f4 c\u1ee7a b\u1ea1n chi\u1ebfm h\u00e0ng gigabyte dung l\u01b0\u1ee3ng \u1ed5 \u0111\u0129a m\u00e0 kh\u00f4ng \u0111\u01b0\u1ee3c chia s\u1ebb, h\u00e3y mang \u1ea3nh v\u00e0 video clip c\u1ee7a b\u1ea1n \u0111\u1ebfn kh\u00f3a h\u1ecdc tr\u1ecdn ng\u00e0y c\u1ee7a ch\u00fang t\u00f4i t\u1eadp trung v\u00e0o vi\u1ec7c h\u1ecdc c\u00e1ch:<\/p>\n<ul class=\"n8H08c UVNKR\">\n<li class=\"zfr3Q TYR86d eD0Rn\" dir=\"ltr\">\n<p class=\"zfr3Q CDt4Ke\" dir=\"ltr\" role=\"presentation\"><span class=\"C9DxTc\">S\u1eed d\u1ee5ng c\u00e1c k\u1ef9 thu\u1eadt \u0111i\u1ec1u ch\u1ec9nh n\u00e2ng cao v\u00e0 k\u1ef9 n\u0103ng l\u00e0m phim,\u00a0<\/span><\/p>\n<\/li>\n<li class=\"zfr3Q TYR86d eD0Rn\" dir=\"ltr\">\n<p class=\"zfr3Q CDt4Ke\" dir=\"ltr\" role=\"presentation\"><span class=\"C9DxTc\">S\u1eed d\u1ee5ng c\u00e1c k\u1ef9 thu\u1eadt ch\u1ec9nh \u1ea3nh n\u00e2ng cao v\u00e0 k\u1ef9 n\u0103ng l\u00e0m phim,<\/span><\/p>\n<\/li>\n<li class=\"zfr3Q TYR86d eD0Rn\" dir=\"ltr\">\n<p class=\"zfr3Q CDt4Ke\" dir=\"ltr\" role=\"presentation\"><span class=\"C9DxTc\">K\u1ec3 nh\u1eefng c\u00e2u chuy\u1ec7n b\u1eb1ng h\u00ecnh \u1ea3nh.<\/span><\/p>\n<\/li>\n<\/ul>\n<p class=\"zfr3Q CDt4Ke\" dir=\"ltr\">K\u1ebft th\u00fac kh\u00f3a h\u1ecdc n\u00e0y v\u1edbi nh\u1eefng h\u00ecnh \u1ea3nh \u01b0ng \u00fd m\u00e0 b\u1ea1n t\u1ef1 h\u00e0o chia s\u1ebb v\u1edbi m\u1ecdi ng\u01b0\u1eddi!<\/p>\n<p class=\"zfr3Q CDt4Ke\" dir=\"ltr\">[M\u1edf r\u1ed9ng] B\u1ea1n c\u0169ng c\u00f3 th\u1ec3 h\u1ecdc tr\u00ean c\u00e1c b\u1ed9 ph\u1ea7n m\u1ec1m l\u00e0m phim chuy\u00ean nghi\u1ec7p nh\u01b0 Adobe Premiere Pro v\u00e0 DaVinci Resolve (kh\u00f4ng cung c\u1ea5p b\u1ea3n quy\u1ec1n ph\u1ea7n m\u1ec1m).<\/p>","protected":false},"excerpt":{"rendered":"<div class=\"px-8 pb-8 md:px-16 md:pb-16\">\n<div class=\"mt-8 whitespace-pre-line text-padi-gray-darker md:mt-12\"><span class=\"C9DxTc\">B\u1ea1n \u0111\u00e3 <\/span><span class=\"C9DxTc\">t\u1eebng<\/span><span class=\"C9DxTc\">\u00a0ch\u1ee5p v\u00f4 s\u1ed1 h\u00ecnh \u1ea3nh d\u01b0\u1edbi n\u01b0\u1edbc nh\u01b0ng ch\u01b0a bao gi\u1edd c\u1ea3m th\u1ea5y ch\u00fang ch\u01b0a th\u1ef1c s\u1ef1 \u01b0ng \u00fd c\u1ee7a b\u1ea1n. D\u00f9 cho kh\u00f4ng c\u00f3 k\u1ef9 n\u0103ng n\u00e0o c\u00f3 th\u1ec3 bi\u1ebfn m\u1ed9t b\u1ee9c \u1ea3nh t\u1ec7 th\u00e0nh m\u1ed9t b\u1ee9c \u1ea3nh \u0111\u1eb9p*, nh\u01b0ng c\u00f3 l\u1ebd b\u1ea1n ch\u1ec9 c\u1ea7n s\u1ef1 tr\u1ee3 gi\u00fap \u0111\u1ec3 bi\u1ebfn m\u1ed9t b\u1ee9c \u1ea3nh \u0111\u1eb9p th\u00e0nh m\u1ed9t h\u00ecnh \u1ea3nh tuy\u1ec7t v\u1eddi!<\/span><\/div>\n<\/div>","protected":false},"featured_media":2569,"comment_status":"open","ping_status":"closed","template":"","meta":[],"product_cat":[32,75,78,79,55,56],"product_tag":[95,62,93,94],"class_list":{"0":"post-2563","1":"product","2":"type-product","3":"status-publish","4":"has-post-thumbnail","6":"product_cat-all-tours-trips","7":"product_cat-continue-learning","8":"product_cat-for-kids","9":"product_cat-ho-chi-minh","10":"product_cat-nha-trang","11":"product_cat-padi-courses","12":"product_tag-advanced","13":"product_tag-continuing-education","14":"product_tag-photography","15":"product_tag-underwater-photography","17":"first","18":"instock","19":"shipping-taxable","20":"purchasable","21":"product-type-simple"},"_links":{"self":[{"href":"https:\/\/pq.rumblefishvietnam.com\/vi\/wp-json\/wp\/v2\/product\/2563","targetHints":{"allow":["GET"]}}],"collection":[{"href":"https:\/\/pq.rumblefishvietnam.com\/vi\/wp-json\/wp\/v2\/product"}],"about":[{"href":"https:\/\/pq.rumblefishvietnam.com\/vi\/wp-json\/wp\/v2\/types\/product"}],"replies":[{"embeddable":true,"href":"https:\/\/pq.rumblefishvietnam.com\/vi\/wp-json\/wp\/v2\/comments?post=2563"}],"wp:featuredmedia":[{"embeddable":true,"href":"https:\/\/pq.rumblefishvietnam.com\/vi\/wp-json\/wp\/v2\/media\/2569"}],"wp:attachment":[{"href":"https:\/\/pq.rumblefishvietnam.com\/vi\/wp-json\/wp\/v2\/media?parent=2563"}],"wp:term":[{"taxonomy":"product_cat","embeddable":true,"href":"https:\/\/pq.rumblefishvietnam.com\/vi\/wp-json\/wp\/v2\/product_cat?post=2563"},{"taxonomy":"product_tag","embeddable":true,"href":"https:\/\/pq.rumblefishvietnam.com\/vi\/wp-json\/wp\/v2\/product_tag?post=2563"}],"curies":[{"name":"wp","href":"https:\/\/api.w.org\/{rel}","templated":true}]}}