{"id":2561,"date":"2024-08-28T17:41:43","date_gmt":"2024-08-28T14:41:43","guid":{"rendered":"https:\/\/pq.rumblefishvietnam.com\/?post_type=product&#038;p=2561"},"modified":"2024-08-28T17:52:53","modified_gmt":"2024-08-28T14:52:53","slug":"junior-master-scuba-divers-training","status":"publish","type":"product","link":"https:\/\/pq.rumblefishvietnam.com\/vi\/san-pham\/junior-master-scuba-divers-training\/","title":{"rendered":"(Junior) Th\u1ee3 L\u1eb7n C\u1ea5p Cao"},"content":{"rendered":"<h2 class=\"mt-2 text-4xl font-bold tracking-tight text-gray-900\">V\u1ec1 Kho\u00e1 H\u1ecdc<\/h2>\n<div class=\"mt-6 text-lg leading-8 text-gray-600\">\n<div class=\"prose max-w-full\">\n<div>\n<p>L\u00e0 m\u1ed9t trong nh\u1eefng ng\u01b0\u1eddi gi\u1ecfi nh\u1ea5t trong s\u1ed1 nh\u1eefng ng\u01b0\u1eddi gi\u1ecfi trong l\u1eb7n bi\u1ec3n gi\u1ea3i tr\u00ed v\u00e0 s\u1ed1ng cu\u1ed9c s\u1ed1ng l\u1eb7n bi\u1ec3n v\u1edbi t\u01b0 c\u00e1ch l\u00e0 Th\u1ee3 l\u1eb7n PADI C\u1ea5p Cao. X\u1ebfp h\u1ea1ng C\u1ea5p Cao \u0111\u01b0a b\u1ea1n v\u00e0o nh\u00f3m th\u1ee3 l\u1eb7n \u01b0u t\u00fa \u0111\u01b0\u1ee3c k\u00ednh tr\u1ecdng, nh\u1eefng ng\u01b0\u1eddi \u0111\u00e3 \u0111\u1ea1t \u0111\u01b0\u1ee3c x\u1ebfp h\u1ea1ng n\u00e0y th\u00f4ng qua c\u1ea3 kinh nghi\u1ec7m \u0111\u00e1ng k\u1ec3 v\u00e0 \u0111\u00e0o t\u1ea1o l\u1eb7n bi\u1ec3n. \u00cdt h\u01a1n hai ph\u1ea7n tr\u0103m th\u1ee3 l\u1eb7n \u0111\u1ea1t \u0111\u01b0\u1ee3c x\u1ebfp h\u1ea1ng n\u00e0y. Khi b\u1ea1n gi\u01a1 th\u1ebb Th\u1ee3 l\u1eb7n C\u1ea5p Cao c\u1ee7a m\u00ecnh, m\u1ecdi ng\u01b0\u1eddi bi\u1ebft r\u1eb1ng b\u1ea1n \u0111\u00e3 d\u00e0nh th\u1eddi gian d\u01b0\u1edbi n\u01b0\u1edbc trong nhi\u1ec1u m\u00f4i tr\u01b0\u1eddng kh\u00e1c nhau v\u00e0 c\u00f3 nhi\u1ec1u cu\u1ed9c phi\u00eau l\u01b0u l\u1eb7n bi\u1ec3n.<\/p>\n<p>D\u00e0nh cho t\u1ea5t c\u1ea3 m\u1ecdi ng\u01b0\u1eddi, t\u1eeb 12 tu\u1ed5i tr\u1edf l\u00ean, n\u00ean h\u01b0\u1edbng t\u1edbi m\u1ee5c ti\u00eau tr\u1edf th\u00e0nh th\u1ee3 l\u1eb7n b\u00ecnh kh\u00ed C\u1ea5p Cao<\/p>\n<ul>\n<li>Kh\u1edfi \u0111\u1ea7u b\u1eb1ng c\u00e1ch \u0111\u1ea1t \u0111\u01b0\u1ee3c ch\u1ee9ng ch\u1ec9 <a href=\"https:\/\/pq.rumblefishvietnam.com\/vi\/san-pham\/padi-open-water\/\">PADI l\u1eb7n b\u00ecnh kh\u00ed c\u01a1 b\u1ea3n<\/a>\u00a0Sau \u0111\u00f3,\u00a0<a href=\"https:\/\/pq.rumblefishvietnam.com\/vi\/san-pham\/padi-advanced-open-water\/\">PADI Advanced Open Water Diver<\/a>\u00a0v\u00e0\u00a0<a href=\"https:\/\/pq.rumblefishvietnam.com\/vi\/san-pham\/padi-rescue-diver\/\">L\u1eb7n c\u1ee9u h\u1ed9<\/a>\u00a0(ho\u1eb7c c\u00e1c ch\u1ee9ng ch\u1ec9 \u0111\u1ee7 \u0111i\u1ec1u ki\u1ec7n)<\/li>\n<li>B\u1ea1n c\u0169ng c\u1ea7n ph\u1ea3i \u0111\u1ea1t \u0111\u01b0\u1ee3c n\u0103m ch\u1ee9ng ch\u1ec9 PADI \u0111\u1eb7c bi\u1ec7t.<\/li>\n<li>T\u1ed1i thi\u1ec3u c\u1ea7n c\u00f3 50 ca l\u1eb7n.<\/li>\n<\/ul>\n<h2>Tham gia th\u1eed th\u00e1ch PADI Master Scuba Divers<\/h2>\n<p>B\u1ea1n mu\u1ed1n \u0111\u1ea1t \u0111\u1ebfn \u0111\u1ec9nh cao c\u1ee7a l\u1eb7n bi\u1ec3n? R\u00e8n luy\u1ec7n k\u1ef9 n\u0103ng l\u1eb7n, x\u00e2y d\u1ef1ng s\u1ef1 t\u1ef1 tin v\u00e0 tr\u1edf th\u00e0nh m\u1ed9t ph\u1ea7n c\u1ee7a 2% th\u1ee3 l\u1eb7n \u01b0u t\u00fa nh\u1ea5t th\u1ebf gi\u1edbi v\u1edbi ch\u1ee9ng ch\u1ec9 PADI Master Scuba Diver\u2122.<\/p>\n<p>H\u00e3y tham gia th\u1eed th\u00e1ch Th\u1ee3 l\u1eb7n chuy\u00ean nghi\u1ec7p! V\u1edbi m\u1ed7i kh\u00f3a h\u1ecdc PADI ho\u00e0n th\u00e0nh t\u1eeb nay \u0111\u1ebfn h\u1ebft ng\u00e0y 31 th\u00e1ng 12 n\u0103m 2024, b\u1ea1n s\u1ebd c\u00f3 c\u01a1 h\u1ed9i tr\u00fang th\u01b0\u1edfng chuy\u1ebfn l\u1eb7n bi\u1ec3n trong m\u01a1 d\u00e0nh cho 2 ng\u01b0\u1eddi \u0111\u1ebfn Maldives.<\/p>\n<\/div>\n<\/div>\n<\/div>","protected":false},"excerpt":{"rendered":"<div class=\"px-8 pb-8 md:px-16 md:pb-16\">\n<div class=\"mt-8 whitespace-pre-line text-padi-gray-darker md:mt-12\">Join the best of the best, the elite group of respected divers who have earned this rating through both significant experience and scuba training.<\/div>\n<\/div>","protected":false},"featured_media":2319,"comment_status":"open","ping_status":"closed","template":"","meta":[],"product_cat":[32,75,78,79,55,56],"product_tag":[83,62],"class_list":{"0":"post-2561","1":"product","2":"type-product","3":"status-publish","4":"has-post-thumbnail","6":"product_cat-all-tours-trips","7":"product_cat-continue-learning","8":"product_cat-for-kids","9":"product_cat-ho-chi-minh","10":"product_cat-nha-trang","11":"product_cat-padi-courses","12":"product_tag-5-10-days","13":"product_tag-continuing-education","15":"first","16":"instock","17":"shipping-taxable","18":"product-type-simple"},"_links":{"self":[{"href":"https:\/\/pq.rumblefishvietnam.com\/vi\/wp-json\/wp\/v2\/product\/2561","targetHints":{"allow":["GET"]}}],"collection":[{"href":"https:\/\/pq.rumblefishvietnam.com\/vi\/wp-json\/wp\/v2\/product"}],"about":[{"href":"https:\/\/pq.rumblefishvietnam.com\/vi\/wp-json\/wp\/v2\/types\/product"}],"replies":[{"embeddable":true,"href":"https:\/\/pq.rumblefishvietnam.com\/vi\/wp-json\/wp\/v2\/comments?post=2561"}],"wp:featuredmedia":[{"embeddable":true,"href":"https:\/\/pq.rumblefishvietnam.com\/vi\/wp-json\/wp\/v2\/media\/2319"}],"wp:attachment":[{"href":"https:\/\/pq.rumblefishvietnam.com\/vi\/wp-json\/wp\/v2\/media?parent=2561"}],"wp:term":[{"taxonomy":"product_cat","embeddable":true,"href":"https:\/\/pq.rumblefishvietnam.com\/vi\/wp-json\/wp\/v2\/product_cat?post=2561"},{"taxonomy":"product_tag","embeddable":true,"href":"https:\/\/pq.rumblefishvietnam.com\/vi\/wp-json\/wp\/v2\/product_tag?post=2561"}],"curies":[{"name":"wp","href":"https:\/\/api.w.org\/{rel}","templated":true}]}}