{"id":2548,"date":"2024-08-25T11:47:06","date_gmt":"2024-08-25T08:47:06","guid":{"rendered":"https:\/\/pq.rumblefishvietnam.com\/?post_type=product&#038;p=2548"},"modified":"2024-08-28T16:49:40","modified_gmt":"2024-08-28T13:49:40","slug":"master-scuba-diver-trainer","status":"publish","type":"product","link":"https:\/\/pq.rumblefishvietnam.com\/vi\/san-pham\/master-scuba-diver-trainer\/","title":{"rendered":"Gi\u1ea3ng Vi\u00ean Th\u1ee3 L\u1eb7n Chuy\u00ean Nghi\u1ec7p"},"content":{"rendered":"<h2 class=\"mt-2 text-4xl font-bold tracking-tight text-gray-900\">V\u1ec1 Kho\u00e1 H\u1ecdc<\/h2>\n<div class=\"mt-6 text-lg leading-8 text-gray-600\">\n<div class=\"prose max-w-full\">\n<p>T\u1ea5t c\u1ea3 c\u00e1c Hu\u1ea5n luy\u1ec7n vi\u00ean PADI \u0111\u00e3 c\u1ea5p ch\u1ee9ng ch\u1ec9 cho \u00edt nh\u1ea5t 25 th\u1ee3 l\u1eb7n PADI v\u00e0 \u0111\u00e3 \u0111\u1ea1t \u0111\u01b0\u1ee3c n\u0103m ho\u1eb7c nhi\u1ec1u h\u01a1n ch\u1ee9ng ch\u1ec9 gi\u00e1o vi\u00ean kho\u00e1 \u0111\u1eb7c bi\u1ec7t c\u1ee7a  PADI \u0111\u1ec1u c\u00f3 th\u1ec3 tr\u1edf th\u00e0nh Gi\u1ea3ng vi\u00ean th\u1ee3 l\u1eb7n chuy\u00ean nghi\u1ec7p.<\/p>\n<p>Ch\u1ee9ng ch\u1ec9 PADI Master Scuba Diver Trainer gi\u00fap b\u1ea1n tr\u1edf th\u00e0nh m\u1ed9t ng\u01b0\u1eddi h\u01b0\u1edbng d\u1eabn l\u1eb7n chuy\u00ean nghi\u1ec7p, coi tr\u1ecdng vi\u1ec7c h\u1ecdc t\u1eadp li\u00ean t\u1ee5c v\u00e0 cam k\u1ebft gi\u1ea3ng d\u1ea1y nhi\u1ec1u kh\u00f3a h\u1ecdc kh\u00e1c nhau. (C\u00e1c nh\u00e0 tuy\u1ec3n d\u1ee5ng ti\u1ec1m n\u0103ng th\u00edch ch\u1ee9ng ch\u1ec9 n\u00e0y.) Vi\u1ec7c tr\u1edf th\u00e0nh MSDT c\u00f3 ngh\u0129a l\u00e0 b\u1ea1n c\u00f3 kinh nghi\u1ec7m v\u00e0 ch\u1ee9ng ch\u1ec9 \u0111\u1ec3 cung c\u1ea5p t\u1ea5t c\u1ea3 c\u00e1c kh\u00f3a \u0111\u00e0o t\u1ea1o m\u00e0 m\u1ed9t th\u1ee3 l\u1eb7n c\u1ea7n \u0111\u1ec3 tr\u1edf th\u00e0nh Master Scuba Diver \u2013 ch\u1ee9ng ch\u1ec9 th\u1ee3 l\u1eb7n gi\u1ea3i tr\u00ed cao nh\u1ea5t.<\/p>\n<p>T\u1ea5t c\u1ea3 c\u00e1c gi\u00e1o vi\u00ean PADI \u0111\u00e3 c\u1ea5p ch\u1ee9ng ch\u1ec9 cho \u00edt nh\u1ea5t 25 h\u1ecdc vi\u00ean PADI v\u00e0 \u0111\u00e3 \u0111\u1ea1t \u0111\u01b0\u1ee3c \u00edt nh\u1ea5t n\u0103m ch\u1ee9ng ch\u1ec9 gi\u00e1o vi\u00ean chuy\u00ean ng\u00e0nh PADI, \u0111\u1ec1u c\u00f3 th\u1ec3 tr\u1edf th\u00e0nh Gi\u1ea3ng vi\u00ean th\u1ee3 l\u1eb7n chuy\u00ean nghi\u1ec7p. X\u1ebfp h\u1ea1ng n\u00e0y l\u00e0 b\u01b0\u1edbc ti\u1ebfp theo tr\u00ean n\u1ea5c thang chuy\u00ean nghi\u1ec7p v\u00e0 l\u00e0 \u0111i\u1ec1u ki\u1ec7n \u0111\u1ea7u ti\u00ean \u0111\u1ed1i v\u1edbi gi\u1ea3ng vi\u00ean c\u1ea5p cao\u00a0<a title=\"PADI IDC Staff Instructor Course\" href=\"https:\/\/vietnamdivingacademy.com\/product\/idc-staff-instructor\/\">IDC Staff Instructor<\/a>\u00a0ho\u1eb7c l\u00e0\u00a0<a title=\"PADI TecRec Instructor Course\" href=\"https:\/\/www.padi.com\/help\/tecrec-instructor-faq?irra=24320\">TecRec Instructor<\/a>\u00a0cao c\u1ea5p.<\/p>\n<p><strong>C\u00e1c l\u1ef1a kho\u00e1 \u0111\u1eb7c bi\u1ec7t b\u1ea1n c\u00f3 th\u1ec3 h\u1ecdc:<\/strong><\/p>\n<ul>\n<li>Gi\u00e1o vi\u00ean kho\u00e1 l\u1eb7n s\u00e2u<\/li>\n<li>Gi\u00e1o vi\u00ean kho\u00e1 l\u1eb7n \u0111\u00eam<\/li>\n<li>Gi\u00e1o vi\u00ean l\u1eb7n b\u00ecnh kh\u00ed n\u1ed3ng \u0111\u1ed9 Oxy cao<\/li>\n<li>Gi\u00e1o vi\u00ean kho\u00e1 nhi\u1ebfp \u1ea3nh d\u01b0\u1edbi n\u01b0\u1edbc<\/li>\n<li>Gi\u00e1o vi\u00ean kho\u00e1 l\u1eb7n b\u00ecnh \u0111\u00f4i<\/li>\n<\/ul>\n<p>Kho\u00e1 h\u1ecdc t\u1eb7ng k\u00e8m:<\/p>\n<ul>\n<li><em>\u00a0<span class=\"fontstyle0\">Gi\u00e1o vi\u00ean nh\u1eadn bi\u1ebft v\u1ec1 m\u00f4i tr\u01b0\u1eddng<\/span><\/em><\/li>\n<li><em> <span class=\"fontstyle0\">Gi\u00e1o vi\u00ean chuy\u00ean ng\u00e0nh b\u1ea3o t\u1ed3n san h\u00f4<\/span><\/em><\/li>\n<li><em><strong><span class=\"fontstyle0\">Gi\u00e1o vi\u00ean PADI L\u1eb7n T\u1ef1 Do \u0111\u01b0\u1ee3c t\u00ednh l\u00e0 m\u1ed9t gi\u00e1o vi\u00ean chuy\u00ean ng\u00e0nh trong kho\u00e1 MSDT<\/span><\/strong><\/em><\/li>\n<\/ul>\n<\/div>\n<div class=\"prose max-w-full\">\n<p><strong>B\u1ea1n \u0111\u00e3 s\u1eb5n s\u00e0ng \u0111\u1ec3 ti\u1ebfn xa h\u01a1n ch\u01b0a? H\u00e3y \u0111\u0103ng k\u00fd kh\u00f3a \u0111\u00e0o t\u1ea1o Gi\u1ea3ng vi\u00ean chuy\u00ean nghi\u1ec7p c\u1ee7a PADI ngay h\u00f4m nay!<\/strong><\/p>\n<\/div>\n<\/div>","protected":false},"excerpt":{"rendered":"<div class=\"px-8 pb-8 md:px-16 md:pb-16\">\n<div class=\"mt-8 whitespace-pre-line text-padi-gray-darker md:mt-12\">T\u1ea5t c\u1ea3 c\u00e1c Hu\u1ea5n luy\u1ec7n vi\u00ean PADI \u0111\u00e3 c\u1ea5p ch\u1ee9ng ch\u1ec9 cho \u00edt nh\u1ea5t 25 th\u1ee3 l\u1eb7n PADI v\u00e0 \u0111\u00e3 \u0111\u1ea1t \u0111\u01b0\u1ee3c n\u0103m ho\u1eb7c nhi\u1ec1u h\u01a1n ch\u1ee9ng ch\u1ec9 gi\u00e1o vi\u00ean kho\u00e1 \u0111\u1eb7c bi\u1ec7t c\u1ee7a  PADI \u0111\u1ec1u c\u00f3 th\u1ec3 tr\u1edf th\u00e0nh Gi\u1ea3ng vi\u00ean th\u1ee3 l\u1eb7n chuy\u00ean nghi\u1ec7p.<\/div>\n<\/div>","protected":false},"featured_media":2546,"comment_status":"open","ping_status":"closed","template":"","meta":[],"product_cat":[32,79,55,67],"product_tag":[90,66],"class_list":{"0":"post-2548","1":"product","2":"type-product","3":"status-publish","4":"has-post-thumbnail","6":"product_cat-all-tours-trips","7":"product_cat-ho-chi-minh","8":"product_cat-nha-trang","9":"product_cat-pro","10":"product_tag-8-10-days","11":"product_tag-pro","13":"first","14":"instock","15":"shipping-taxable","16":"purchasable","17":"product-type-simple"},"_links":{"self":[{"href":"https:\/\/pq.rumblefishvietnam.com\/vi\/wp-json\/wp\/v2\/product\/2548","targetHints":{"allow":["GET"]}}],"collection":[{"href":"https:\/\/pq.rumblefishvietnam.com\/vi\/wp-json\/wp\/v2\/product"}],"about":[{"href":"https:\/\/pq.rumblefishvietnam.com\/vi\/wp-json\/wp\/v2\/types\/product"}],"replies":[{"embeddable":true,"href":"https:\/\/pq.rumblefishvietnam.com\/vi\/wp-json\/wp\/v2\/comments?post=2548"}],"wp:featuredmedia":[{"embeddable":true,"href":"https:\/\/pq.rumblefishvietnam.com\/vi\/wp-json\/wp\/v2\/media\/2546"}],"wp:attachment":[{"href":"https:\/\/pq.rumblefishvietnam.com\/vi\/wp-json\/wp\/v2\/media?parent=2548"}],"wp:term":[{"taxonomy":"product_cat","embeddable":true,"href":"https:\/\/pq.rumblefishvietnam.com\/vi\/wp-json\/wp\/v2\/product_cat?post=2548"},{"taxonomy":"product_tag","embeddable":true,"href":"https:\/\/pq.rumblefishvietnam.com\/vi\/wp-json\/wp\/v2\/product_tag?post=2548"}],"curies":[{"name":"wp","href":"https:\/\/api.w.org\/{rel}","templated":true}]}}