{"id":252,"date":"2022-06-15T12:54:58","date_gmt":"2022-06-15T12:54:58","guid":{"rendered":"https:\/\/pq.rumblefishvietnam.com\/?post_type=product&#038;p=252"},"modified":"2024-12-11T17:35:37","modified_gmt":"2024-12-11T14:35:37","slug":"padi-open-water","status":"publish","type":"product","link":"https:\/\/pq.rumblefishvietnam.com\/vi\/san-pham\/padi-open-water\/","title":{"rendered":"PADI l\u1eb7n b\u00ecnh kh\u00ed c\u01a1 b\u1ea3n"},"content":{"rendered":"<p>N\u1ebfu b\u1ea1n lu\u00f4n mu\u1ed1n tham gia c\u00e1c b\u00e0i h\u1ecdc l\u1eb7n bi\u1ec3n, tr\u1ea3i nghi\u1ec7m cu\u1ed9c phi\u00eau l\u01b0u ch\u01b0a t\u1eebng c\u00f3 v\u00e0 ng\u1eafm nh\u00ecn th\u1ebf gi\u1edbi b\u00ean d\u01b0\u1edbi nh\u1eefng con s\u00f3ng th\u00ec \u0111\u00e2y ch\u00ednh l\u00e0 n\u01a1i b\u1eaft \u0111\u1ea7u. \nNh\u1eadn ch\u1ee9ng ch\u1ec9 l\u1eb7n bi\u1ec3n v\u1edbi kh\u00f3a h\u1ecdc PADI L\u1eb7n C\u01a1 B\u1ea3n - kh\u00f3a h\u1ecdc l\u1eb7n bi\u1ec3n ph\u1ed5 bi\u1ebfn v\u00e0 \u0111\u01b0\u1ee3c c\u00f4ng nh\u1eadn r\u1ed9ng r\u00e3i nh\u1ea5t tr\u00ean th\u1ebf gi\u1edbi. H\u00e0ng tri\u1ec7u ng\u01b0\u1eddi \u0111\u00e3 h\u1ecdc l\u1eb7n bi\u1ec3n v\u00e0 ti\u1ebfp t\u1ee5c kh\u00e1m ph\u00e1 nh\u1eefng \u0111i\u1ec1u k\u1ef3 di\u1ec7u c\u1ee7a th\u1ebf gi\u1edbi d\u01b0\u1edbi n\u01b0\u1edbc th\u00f4ng qua kh\u00f3a h\u1ecdc n\u00e0y.<\/p>\n<p><strong>PADI L\u1eb7n C\u01a1 B\u1ea3n<\/strong> - Kh\u00f3a h\u1ecdc g\u1ed3m ba giai \u0111o\u1ea1n ch\u00ednh:<\/p>\n<ul>\n<li>Ki\u1ebfn th\u1ee9c l\u1eb7n (h\u1ecdc tr\u1ef1c tuy\u1ebfn v\u1edbi t\u00e0i li\u1ec7u \u0111i\u1ec7n t\u1eed) \u0111\u1ec3 n\u1eafm v\u1eefng l\u00fd thuy\u1ebft l\u1eb7n c\u01a1 b\u1ea3n c\u1ee7a l\u1eb7n bi\u1ec3n.<\/li>\n<li>Th\u1ef1c h\u00e0nh h\u1ed3 b\u01a1i: Gi\u00fap ti\u1ebfp thu c\u00e1c k\u1ef9 n\u0103ng c\u01a1 b\u1ea3n c\u1ee7a kh\u00f3a h\u1ecdc (1 Ng\u00e0y)<\/li>\n<li>Th\u1ef1c h\u00e0nh ngo\u00e0i t\u1ef1 nhi\u00ean: Tr\u1ea3i nghi\u1ec7m v\u00e0 th\u1ef1c h\u00e0nh c\u00e1c k\u1ef9 n\u0103ng \u0111\u00e3 \u0111\u01b0\u1ee3c h\u1ecdc \u1edf th\u1ef1c t\u1ebf (2 Ng\u00e0y)<\/li>\n<\/ul>\n<p>B\u1ea1n c\u00f3 th\u1ec3 nh\u1eadn \u0111\u1ed5i \u0111\u01b0\u1ee3c \u0111i\u1ec3m t\u00edn ch\u1ec9 \u0111\u1ea1i h\u1ecdc cho kh\u00f3a h\u1ecdc PADI Open Water Divers.<\/p>\n<p>V\u1edbi m\u1ed9t ch\u01b0\u01a1ng tr\u00ecnh h\u1ecdc \u0111\u01a1n gi\u1ea3n. PADI L\u1eb7n C\u01a1 B\u1ea3n l\u00e0 kh\u00f3a h\u1ecdc c\u1ef1c k\u1ef3 ph\u00f9 h\u1ee3p d\u00e0nh cho b\u1ea1n.<\/p>\n<p>Trong kh\u00f3a h\u1ecdc PADI L\u1eb7n C\u01a1 B\u1ea3n, b\u1ea1n s\u1ebd h\u1ecdc c\u00e1ch s\u1eed d\u1ee5ng c\u00e1c thi\u1ebft b\u1ecb l\u1eb7n, bao g\u1ed3m: m\u1eb7t n\u1ea1, \u1ed1ng th\u1edf, ch\u00e2n v\u1ecbt, b\u1ed9 \u0111i\u1ec1u ch\u1ec9nh kh\u00ed, thi\u1ebft b\u1ecb ki\u1ec3m so\u00e1t \u0111\u1ed9 n\u1ed5i v\u00e0 b\u00ecnh kh\u00ed n\u00e9n. Thi\u1ebft b\u1ecb b\u1ea1n m\u1eb7c s\u1ebd kh\u00e1c nhau, t\u00f9y thu\u1ed9c v\u00e0o vi\u1ec7c b\u1ea1n l\u1eb7n \u1edf v\u00f9ng n\u01b0\u1edbc nhi\u1ec7t \u0111\u1edbi, \u00f4n \u0111\u1edbi hay n\u01b0\u1edbc l\u1ea1nh.<\/p>","protected":false},"excerpt":{"rendered":"<p>\u0110\u00e2y l\u00e0 c\u1ea5p \u0111\u1ea7u ti\u00ean cho ch\u1ee9ng ch\u1ec9 l\u1eb7n b\u00ecnh kh\u00ed, do gi\u00e1o vi\u00ean PADI chuy\u00ean nghi\u1ec7p tr\u1ef1c ti\u1ebfp h\u01b0\u1edbng d\u1eabn c\u00e1ch l\u1eb7n b\u1eb1ng b\u00ecnh kh\u00ed th\u1eadt th\u01b0 gi\u00e3n, an to\u00e0n<\/p>","protected":false},"featured_media":2023,"comment_status":"open","ping_status":"closed","template":"","meta":[],"product_cat":[32,78,79,56,97,74],"product_tag":[57,59,58],"class_list":{"0":"post-252","1":"product","2":"type-product","3":"status-publish","4":"has-post-thumbnail","6":"product_cat-all-tours-trips","7":"product_cat-for-kids","8":"product_cat-ho-chi-minh","9":"product_cat-padi-courses","10":"product_cat-phu-quoc","11":"product_cat-start-diving","12":"product_tag-3-days","13":"product_tag-beginners","14":"product_tag-padi","16":"first","17":"instock","18":"featured","19":"shipping-taxable","20":"purchasable","21":"product-type-simple"},"_links":{"self":[{"href":"https:\/\/pq.rumblefishvietnam.com\/vi\/wp-json\/wp\/v2\/product\/252","targetHints":{"allow":["GET"]}}],"collection":[{"href":"https:\/\/pq.rumblefishvietnam.com\/vi\/wp-json\/wp\/v2\/product"}],"about":[{"href":"https:\/\/pq.rumblefishvietnam.com\/vi\/wp-json\/wp\/v2\/types\/product"}],"replies":[{"embeddable":true,"href":"https:\/\/pq.rumblefishvietnam.com\/vi\/wp-json\/wp\/v2\/comments?post=252"}],"wp:featuredmedia":[{"embeddable":true,"href":"https:\/\/pq.rumblefishvietnam.com\/vi\/wp-json\/wp\/v2\/media\/2023"}],"wp:attachment":[{"href":"https:\/\/pq.rumblefishvietnam.com\/vi\/wp-json\/wp\/v2\/media?parent=252"}],"wp:term":[{"taxonomy":"product_cat","embeddable":true,"href":"https:\/\/pq.rumblefishvietnam.com\/vi\/wp-json\/wp\/v2\/product_cat?post=252"},{"taxonomy":"product_tag","embeddable":true,"href":"https:\/\/pq.rumblefishvietnam.com\/vi\/wp-json\/wp\/v2\/product_tag?post=252"}],"curies":[{"name":"wp","href":"https:\/\/api.w.org\/{rel}","templated":true}]}}