{"id":2439,"date":"2024-06-20T13:30:11","date_gmt":"2024-06-20T10:30:11","guid":{"rendered":"https:\/\/pq.rumblefishvietnam.com\/?post_type=product&#038;p=2439"},"modified":"2024-07-01T06:30:37","modified_gmt":"2024-07-01T03:30:37","slug":"deep-diver","status":"publish","type":"product","link":"https:\/\/pq.rumblefishvietnam.com\/vi\/san-pham\/deep-diver\/","title":{"rendered":"L\u1eb7n s\u00e2u v\u1edbi b\u00ecnh kh\u00ed"},"content":{"rendered":"<p data-sourcepos=\"3:1-3:99\"><strong>H\u00e3y t\u1ef1 tin l\u1eb7n s\u00e2u h\u01a1n!<\/strong> H\u00e3y tr\u1ea7m m\u00ecnh v\u00e0o n\u01b0\u1edbc c\u00f9ng kho\u00e1 h\u1ecdc chuy\u00ean bi\u1ec7t cho th\u1ee3 l\u1eb7n s\u00e2u t\u1ea1i Nha Trang v\u00e0 nh\u1eadn ch\u1ee9ng ch\u1ec9 c\u1ee7a PADI. Kho\u00e1 h\u1ecdc s\u1ebd m\u1edf ra nh\u1eefng b\u00ed m\u1eadt c\u1ee7a th\u1ebf gi\u1edbi d\u01b0\u1edbi n\u01b0\u1edbc v\u01b0\u1ee3t qua c\u1ea3 ph\u1ea1m vi l\u1eb7n gi\u1ea3i tr\u00ed c\u1ee7a b\u1ea1n.<\/p>\n<p data-sourcepos=\"5:1-5:22\"><strong>\u0110i\u1ec3m nh\u1ea5t c\u1ee7a kho\u00e1 h\u1ecdc:<\/strong><\/p>\n<ul data-sourcepos=\"7:1-7:14\">\n<li data-sourcepos=\"7:1-7:14\"><strong>Th\u00e0nh th\u1ea1o ngh\u1ec7 thu\u1eadt l\u1eb7n s\u00e2u:<\/strong> H\u1ecdc c\u00e1ch l\u00ean k\u1ebf ho\u1ea1ch t\u1ec9 m\u1ec9 v\u00e0 ti\u1ebfn h\u00e0nh c\u00e1c ca l\u1eb7n s\u00e2u n\u1ed1i ti\u1ebfp, \u0111\u1ea9y gi\u1edbi h\u1ea1n c\u1ee7a b\u1ea1n l\u00ean m\u1ed9t c\u00e1ch an to\u00e0n v\u00e0 t\u1ef1 tin<\/li>\n<li data-sourcepos=\"8:1-8:139\"><strong>T\u1ef1 \u00fd th\u1ee9c v\u00e0 c\u00e1ch \u0111\u1ed3ng h\u00e0nh l\u1eb7n:<\/strong> N\u00e2ng cao kh\u1ea3 n\u0103ng \u0111\u00e1nh gi\u00e1 gi\u1edbi h\u1ea1n b\u1ea3n th\u00e2n v\u00e0 c\u1ee7a b\u1ea1n l\u1eb7n, \u0111\u1ea3m b\u1ea3o ca l\u1eb7n an to\u00e0n v\u00e0 vui v\u1ebb cho c\u1ea3 hai.<\/li>\n<li data-sourcepos=\"9:1-9:213\"><strong>Thi\u1ebft b\u1ecb chuy\u00ean bi\u1ec7t d\u00e0nh cho l\u1eb7n s\u00e2u:<\/strong> Khai ph\u00e1 s\u1ef1 ph\u1ee9c t\u1ea1p c\u1ee7a thi\u1ebft b\u1ecb \u0111\u01b0\u1ee3c thi\u1ebft k\u1ebf ri\u00eang cho l\u1eb7n s\u00e2u \u0111\u1ed3ng th\u1eddi \u0111\u1ea3m b\u1ea3o s\u1ef1 v\u1eadn h\u00e0nh v\u00e0 an to\u00e0n t\u1ed1i \u01b0u.<\/li>\n<li data-sourcepos=\"10:1-11:0\"><strong>Nh\u1eefng l\u01b0u \u00fd c\u1ea7n thi\u1ebft trong l\u1eb7n s\u00e2u:<\/strong> Ti\u1ebfp thu ki\u1ebfn th\u1ee9c chuy\u00ean s\u00e2u v\u1ec1 ki\u1ec3m so\u00e1t kh\u00ed, ki\u1ec3m so\u00e1t \u0111\u1ed9 n\u1ed5i \u1edf s\u00e2u, v\u00e0 t\u00e1c \u0111\u1ed9ng ti\u1ec1m t\u00e0ng c\u1ee7a say kh\u00ed.<\/li>\n<\/ul>\n<p data-sourcepos=\"12:1-12:22\"><strong>Kho\u00e1 h\u1ecdc bao g\u1ed3m:<\/strong><\/p>\n<ul data-sourcepos=\"14:1-15:17\">\n<li data-sourcepos=\"14:1-14:75\">L\u00fd thuy\u1ebft v\u1ec1 k\u1ef9 n\u0103ng l\u1eb7n s\u00e2u<\/li>\n<li data-sourcepos=\"15:1-15:17\">4 ca l\u1eb7n s\u00e2u t\u1ea1i v\u1ecbnh Nha Trang<\/li>\n<li data-sourcepos=\"16:1-16:75\">Ch\u1ee9ng ch\u1ec9 l\u1eb7n s\u00e2u<\/li>\n<li data-sourcepos=\"17:1-17:48\">Ch\u00ed thu\u00ea thi\u1ebft b\u1ecb l\u1eb7n b\u00ecnh kh\u00ed<\/li>\n<li data-sourcepos=\"18:1-18:38\">\u0110\u1ed3ng h\u1ed3 l\u1eb7n<\/li>\n<li data-sourcepos=\"19:1-19:44\">Nh\u1eadt k\u00fd ghi l\u1ea1i ca l\u1eb7n<\/li>\n<li data-sourcepos=\"20:1-21:0\">Nh\u00f3m nh\u1ecf v\u1edbi t\u1ed1i \u0111a 4 ng\u01b0\u1eddi\/gi\u00e1o vi\u00ean<\/li>\n<\/ul>\n<p data-sourcepos=\"22:1-22:18\"><strong>Y\u00eau c\u1ea7u:<\/strong><\/p>\n<ul data-sourcepos=\"24:1-28:0\">\n<li data-sourcepos=\"24:1-24:154\">C\u00f3 ch\u1ee9ng ch\u1ec9 PADI Adventure Diver ho\u1eb7c t\u01b0\u01a1ng \u0111\u01b0\u01a1ng<\/li>\n<li data-sourcepos=\"25:1-25:114\">L\u1eb7n th\u01b0\u1eddng xuy\u00ean. N\u00ean tham gia kho\u00e1 \u00f4n t\u1eadp l\u1eb7n b\u00ecnh kh\u00ed n\u1ebfu ch\u01b0a l\u1eb7n t\u1eeb n\u0103m ngo\u00e1i<\/li>\n<li data-sourcepos=\"26:1-26:27\">\u00cdt nh\u1ea5t 15 tu\u1ed5i<\/li>\n<li data-sourcepos=\"27:1-28:0\">C\u00f3 x\u00e1c nh\u1eadn y t\u1ebf \u0111\u01b0\u1ee3c ph\u00e9p \u0111i l\u1eb7n<\/li>\n<\/ul>\n<p data-sourcepos=\"29:1-29:219\"><strong>B\u1ea1n s\u1eb5n s\u00e0ng kh\u00e1m ph\u00e1 \u0111\u1ed9 s\u00e2u ch\u01b0a?<\/strong> H\u00e3y li\u00ean h\u1ec7 v\u1edbi ch\u00fang t\u00f4i ngay h\u00f4m nay \u0111\u1ec3 h\u1ecfi v\u1ec1 ch\u1ee9ng ch\u1ec9 v\u00e0 tham gia v\u00e0o kho\u00e1 l\u1eb7n s\u00e2u chuy\u1ec3n bi\u1ec7t c\u1ee7a ch\u00fang t\u00f4i! H\u00e3y b\u1eaft \u0111\u1ea7u chuy\u1ebfn phi\u00eau l\u01b0u d\u01b0\u1edbi n\u01b0\u1edbc kh\u00f3 qu\u00ean t\u1ea1i Nha Trang ngay n\u00e0o!<\/p>","protected":false},"excerpt":{"rendered":"<p><strong>H\u00e3y t\u1ef1 tin l\u1eb7n s\u00e2u h\u01a1n!<\/strong> Tham gia kho\u00e1 h\u1ecdc Chuy\u00ean bi\u1ec7t L\u1eb7n s\u00e2u t\u1ea1i Nha Trang v\u00e0 nh\u1eadn ch\u1ee9ng ch\u1ec9 PADI s\u1ebd gi\u00fap b\u1ea1n m\u1edf ra nh\u1eefng b\u00ed m\u1eadt c\u1ee7a th\u1ebf gi\u1edbi d\u01b0\u1edbi n\u01b0\u1edbc v\u01b0\u1ee3t qua gi\u1edbi h\u1ea1n l\u1eb7n gi\u1ea3i tr\u00ed th\u00f4ng th\u01b0\u1eddng<\/p>","protected":false},"featured_media":2442,"comment_status":"open","ping_status":"closed","template":"","meta":[],"product_cat":[32,75,55,56],"product_tag":[61,62],"class_list":{"0":"post-2439","1":"product","2":"type-product","3":"status-publish","4":"has-post-thumbnail","6":"product_cat-all-tours-trips","7":"product_cat-continue-learning","8":"product_cat-nha-trang","9":"product_cat-padi-courses","10":"product_tag-2-days","11":"product_tag-continuing-education","13":"first","14":"instock","15":"shipping-taxable","16":"purchasable","17":"product-type-simple"},"_links":{"self":[{"href":"https:\/\/pq.rumblefishvietnam.com\/vi\/wp-json\/wp\/v2\/product\/2439","targetHints":{"allow":["GET"]}}],"collection":[{"href":"https:\/\/pq.rumblefishvietnam.com\/vi\/wp-json\/wp\/v2\/product"}],"about":[{"href":"https:\/\/pq.rumblefishvietnam.com\/vi\/wp-json\/wp\/v2\/types\/product"}],"replies":[{"embeddable":true,"href":"https:\/\/pq.rumblefishvietnam.com\/vi\/wp-json\/wp\/v2\/comments?post=2439"}],"wp:featuredmedia":[{"embeddable":true,"href":"https:\/\/pq.rumblefishvietnam.com\/vi\/wp-json\/wp\/v2\/media\/2442"}],"wp:attachment":[{"href":"https:\/\/pq.rumblefishvietnam.com\/vi\/wp-json\/wp\/v2\/media?parent=2439"}],"wp:term":[{"taxonomy":"product_cat","embeddable":true,"href":"https:\/\/pq.rumblefishvietnam.com\/vi\/wp-json\/wp\/v2\/product_cat?post=2439"},{"taxonomy":"product_tag","embeddable":true,"href":"https:\/\/pq.rumblefishvietnam.com\/vi\/wp-json\/wp\/v2\/product_tag?post=2439"}],"curies":[{"name":"wp","href":"https:\/\/api.w.org\/{rel}","templated":true}]}}