{"id":2295,"date":"2024-06-01T15:13:37","date_gmt":"2024-06-01T12:13:37","guid":{"rendered":"https:\/\/pq.rumblefishvietnam.com\/?post_type=product&#038;p=2295"},"modified":"2024-06-15T11:28:58","modified_gmt":"2024-06-15T08:28:58","slug":"specialty-instructor","status":"publish","type":"product","link":"https:\/\/pq.rumblefishvietnam.com\/vi\/san-pham\/specialty-instructor\/","title":{"rendered":"Gi\u00e1o vi\u00ean kho\u00e1 h\u1ecdc \u0111\u1eb7c bi\u1ec7t"},"content":{"rendered":"<p data-sourcepos=\"5:1-5:38\"><strong>T\u1ea1i sao n\u00ean tr\u1edf th\u00e0nh Gi\u00e1o vi\u00ean chuy\u00ean m\u00f4n?<\/strong><\/p>\n<ul data-sourcepos=\"7:1-7:46\">\n<li data-sourcepos=\"7:1-7:46\"><strong>L\u1eb7n s\u00e2u h\u01a1n:<\/strong> M\u1edf r\u1ed9ng ki\u1ebfn th\u1ee9c v\u00e0 th\u00e0nh th\u1ea1o trong m\u1ed9t l\u0129nh v\u1ef1c l\u1eb7n chuy\u00ean bi\u1ec7t<\/li>\n<li data-sourcepos=\"8:1-8:117\"><strong>Gi\u1ea3ng d\u1ea1y chuy\u00ean m\u00f4n:<\/strong> Ti\u1ebfp thu c\u00e1c m\u1eb9o gi\u00e1 tr\u1ecb v\u00e0 kinh nghi\u1ec7m tr\u1ef1c ti\u1ebfp \u0111\u1ec3 gi\u00fap cho c\u00e1c kho\u00e1 h\u1ecdc c\u1ee7a b\u1ea1n g\u1ea7n g\u0169i v\u00e0 kh\u00f3 qu\u00ean<\/li>\n<li data-sourcepos=\"9:1-9:1\"><strong>\u0110a d\u1ea1ng v\u00e0 th\u00fa v\u1ecb:<\/strong> C\u00f3 th\u1ec3 ch\u1ecdn trong s\u1ed1 25 chuy\u00ean m\u00f4n v\u00e0 c\u00e1c kho\u00e1 chuy\u00ean bi\u1ec7t c\u1ee7a PADI - m\u1ecdi ng\u01b0\u1eddi \u0111\u1ec1u c\u00f3 l\u1ef1a ch\u1ecdn cho m\u00ecnh!<\/li>\n<\/ul>\n<p data-sourcepos=\"11:1-11:20\"><strong>C\u00f3 \u00edch cho t\u1ea5t c\u1ea3 c\u00e1c chuy\u00ean gia c\u1ee7a PADI:<\/strong><\/p>\n<ul data-sourcepos=\"13:1-16:0\">\n<li data-sourcepos=\"13:1-13:197\"><strong>K\u1ef9 n\u0103ng c\u1ea3i thi\u1ec7n:<\/strong> M\u1ecdi gi\u00e1o vi\u00ean \u0111\u1ec1u n\u00ean \u0111\u00e0o t\u1ea1o chuy\u00ean m\u00f4n, \u0111\u1eb7c bi\u1ec7t l\u00e0 nh\u1eefng ng\u01b0\u1eddi mu\u1ed1n l\u00ean c\u1ea5p Master Scuba Diver Trainer (MSDT) (\u0111\u00f2i h\u1ecfi \u00edt nh\u1ea5t 5 ch\u1ee9ng ch\u1ec9 gi\u00e1o vi\u00ean chuy\u00ean m\u00f4n)<\/li>\n<li data-sourcepos=\"14:1-14:154\"><strong>C\u01a1 h\u1ed9i m\u1edf r\u1ed9ng:<\/strong> Gi\u00e1o vi\u00ean tr\u1ee3 gi\u1ea3ng PADI, \u1ee9ng c\u1eed vi\u00ean gi\u00e1o vi\u00ean, v\u00e0 chuy\u00ean vi\u00ean l\u1eb7n \u0111\u1ec1u c\u00f3 th\u1ec3 d\u1ea1y c\u00e1c chuy\u00ean m\u00f4n ri\u00eang, m\u1edf r\u1ed9ng l\u1ef1a ch\u1ecdn ngh\u1ec1 nghi\u1ec7p c\u1ee7a m\u00ecnh.<\/li>\n<li data-sourcepos=\"15:1-16:0\"><strong>Ng\u01b0\u1eddi d\u1eabn \u0111\u1ea7u:<\/strong> H\u1ecdc h\u1ecfi c\u00e1c c\u00e1ch gi\u1ea3ng d\u1ea1y m\u1edbi nh\u1ea5t v\u00e0 c\u00e1c chi\u1ebfn l\u01b0\u1ee3c marketing \u0111\u1ec3 thu h\u00fat nhi\u1ec1u h\u1ecdc vi\u00ean h\u01a1n<\/li>\n<\/ul>\n<p data-sourcepos=\"17:1-17:28\"><strong>Kinh nghi\u1ec7p h\u1ecdc:<\/strong><\/p>\n<p data-sourcepos=\"19:1-19:90\">Kho\u00e1 h\u1ecdc Gi\u00e1o vi\u00ean chuy\u00ean m\u00f4n k\u1ebft h\u1ee3p l\u00fd thuy\u1ebft chuy\u00ean s\u00e2u v\u00e0 \u1ee9ng d\u1ee5ng th\u1ef1c t\u1ebf. B\u1ea1n s\u1ebd:<\/p>\n<ul data-sourcepos=\"21:1-25:0\">\n<li data-sourcepos=\"21:1-21:77\"><strong>T\u0103ng c\u01b0\u1eddng ki\u1ebfn th\u1ee9c:<\/strong> N\u00e2ng cao chuy\u00ean m\u00f4n trong l\u0129nh v\u1ef1c ch\u1ecdn<\/li>\n<li data-sourcepos=\"22:1-22:78\"><strong>C\u1ea3i thi\u1ec7n k\u1ef9 n\u0103ng:<\/strong> Ho\u00e0n thi\u1ec7n k\u1ef9 thu\u1eadt l\u1eb7n v\u00e0 c\u00e1ch th\u1ee9c gi\u1ea3ng d\u1ea1y<\/li>\n<li data-sourcepos=\"23:1-23:92\"><strong>Tr\u1edf th\u00e0nh Master trainer:<\/strong> Kh\u00e1m ph\u00e1 c\u00e1ch th\u1ee9c s\u00e1ng t\u1ea1o nh\u1ea5t \u0111\u1ec3 l\u00f4i k\u00e9o v\u00e0 t\u1ea1o c\u1ea3m h\u1ee9ng cho h\u1ecdc vi\u00ean c\u1ee7a b\u1ea1n<\/li>\n<li data-sourcepos=\"24:1-25:0\"><strong>Qu\u1ea3ng b\u00e1 nh\u01b0 m\u1ed9t chuy\u00ean gia:<\/strong> H\u1ecdc c\u00e1c chi\u1ebfn l\u01b0\u1ee3c marketing hi\u1ec7u qu\u1ea3 \u0111\u1ec3 qu\u1ea3ng b\u00e1 c\u00e1c kho\u00e1 h\u1ecdc chuy\u00ean bi\u1ec7t<\/li>\n<\/ul>\n<p data-sourcepos=\"26:1-26:29\"><strong>B\u1ea1n s\u1eb5n s\u00e0ng lao xu\u1ed1ng n\u01b0\u1edbc r\u1ed3i ch\u1ee9?<\/strong><\/p>\n<p data-sourcepos=\"28:1-28:190\">H\u00e3y li\u00ean h\u1ec7 v\u1edbi PADI Course Director ngay h\u00f4m nay! H\u00e3y kh\u00e1m ph\u00e1 th\u1ebf gi\u1edbi h\u1ea5p d\u1eabn c\u1ee7a vi\u1ec7c tr\u1edf th\u00e0nh gi\u00e1o vi\u00ean chuy\u00ean m\u00f4n v\u00e0 chia s\u1ebb \u0111am m\u00ea l\u1eb7n bi\u1ec3n c\u1ee7a b\u1ea1n v\u1edbi th\u1ebf h\u1ec7 ng\u01b0\u1eddi m\u00ea kh\u00e1m ph\u00e1 ti\u1ebfp theo!<\/p>\n<p data-sourcepos=\"30:1-30:103\"><strong>L\u01b0u \u00fd:<\/strong> M\u1ed9t s\u1ed1 k\u1ef9 n\u0103ng s\u1ebd c\u00f3 th\u00eam m\u1ed9t s\u1ed1 y\u00eau c\u1ea7u. H\u00e3y h\u1ecfi PADI Course Director \u0111\u1ec3 bi\u1ebft th\u00eam chi ti\u1ebft.<\/p>","protected":false},"excerpt":{"rendered":"<p>Kho\u00e1 h\u1ecdc gi\u00e1o vi\u00ean chuy\u00ean m\u00f4n l\u00e0 c\u01a1 h\u1ed9i \u0111\u1ec3 b\u1ea1n lan to\u1ea3 ni\u1ec1m y\u00eau th\u00edch l\u1eb7n bi\u1ec3n th\u00f4ng qua nh\u1eefng k\u1ef9 n\u0103ng chuy\u00ean bi\u1ec7t b\u1eb1ng m\u1eb9o d\u1ea1y h\u1ecdc v\u00e0 kinh nghi\u1ec7m c\u00f3 th\u1ec3 th\u1ef1c hi\u1ec7n ngay l\u1eadp t\u1ee9c<\/p>","protected":false},"featured_media":2296,"comment_status":"open","ping_status":"closed","template":"","meta":[],"product_cat":[32,79,55,56,67],"product_tag":[83,66],"class_list":{"0":"post-2295","1":"product","2":"type-product","3":"status-publish","4":"has-post-thumbnail","6":"product_cat-all-tours-trips","7":"product_cat-ho-chi-minh","8":"product_cat-nha-trang","9":"product_cat-padi-courses","10":"product_cat-pro","11":"product_tag-5-10-days","12":"product_tag-pro","14":"first","15":"instock","16":"featured","17":"shipping-taxable","18":"purchasable","19":"product-type-simple"},"_links":{"self":[{"href":"https:\/\/pq.rumblefishvietnam.com\/vi\/wp-json\/wp\/v2\/product\/2295","targetHints":{"allow":["GET"]}}],"collection":[{"href":"https:\/\/pq.rumblefishvietnam.com\/vi\/wp-json\/wp\/v2\/product"}],"about":[{"href":"https:\/\/pq.rumblefishvietnam.com\/vi\/wp-json\/wp\/v2\/types\/product"}],"replies":[{"embeddable":true,"href":"https:\/\/pq.rumblefishvietnam.com\/vi\/wp-json\/wp\/v2\/comments?post=2295"}],"wp:featuredmedia":[{"embeddable":true,"href":"https:\/\/pq.rumblefishvietnam.com\/vi\/wp-json\/wp\/v2\/media\/2296"}],"wp:attachment":[{"href":"https:\/\/pq.rumblefishvietnam.com\/vi\/wp-json\/wp\/v2\/media?parent=2295"}],"wp:term":[{"taxonomy":"product_cat","embeddable":true,"href":"https:\/\/pq.rumblefishvietnam.com\/vi\/wp-json\/wp\/v2\/product_cat?post=2295"},{"taxonomy":"product_tag","embeddable":true,"href":"https:\/\/pq.rumblefishvietnam.com\/vi\/wp-json\/wp\/v2\/product_tag?post=2295"}],"curies":[{"name":"wp","href":"https:\/\/api.w.org\/{rel}","templated":true}]}}