{"id":2293,"date":"2024-06-01T15:05:28","date_gmt":"2024-06-01T12:05:28","guid":{"rendered":"https:\/\/pq.rumblefishvietnam.com\/?post_type=product&#038;p=2293"},"modified":"2024-06-15T11:28:58","modified_gmt":"2024-06-15T08:28:58","slug":"assistant-instructor","status":"publish","type":"product","link":"https:\/\/pq.rumblefishvietnam.com\/vi\/san-pham\/assistant-instructor\/","title":{"rendered":"Gi\u00e1o vi\u00ean tr\u1ee3 gi\u1ea3ng"},"content":{"rendered":"<p data-sourcepos=\"3:1-3:84\">B\u1ea1n mu\u1ed1n c\u00f3 v\u1ecb tr\u00ed quan tr\u1ecdng h\u01a1n trong th\u1ebf gi\u1edbi l\u1eb7n nh\u01b0ng l\u1ea1i ch\u01b0a s\u1eb5n s\u00e0ng tham gia kho\u00e1 Gi\u00e1o vi\u00ean l\u1eb7n b\u00ecnh kh\u00ed (OWSI)? V\u1ecb tr\u00ed Gi\u00e1o vi\u00ean tr\u1ee3 gi\u1ea3ng s\u1ebd l\u00e0 l\u1ef1a ch\u1ecdn th\u00edch h\u1ee3p!<\/p>\n<p data-sourcepos=\"5:1-5:12\"><strong>AI v\u00e0 OWSI: C\u00f3 g\u00ec kh\u00e1c nhau?<\/strong><\/p>\n<p data-sourcepos=\"7:1-7:19\">C\u1ee5 th\u1ec3 l\u00e0:<\/p>\n<ul data-sourcepos=\"9:1-9:71\">\n<li data-sourcepos=\"9:1-9:71\"><strong>Gi\u00e1o vi\u00ean tr\u1ee3 gi\u1ea3ng (AI):<\/strong> H\u1ed7 tr\u1ee3 Gi\u00e1o vi\u00ean PAID d\u1ea1y c\u00e1c kho\u00e1 l\u1eb7n b\u00ecnh kh\u00ed<\/li>\n<li data-sourcepos=\"10:1-10:83\"><strong>Gi\u00e1o vi\u00ean l\u1eb7n b\u00ecnh kh\u00ed (OWSI):<\/strong> H\u01b0\u1edbng d\u1eabn v\u00e0 gi\u1ea3ng d\u1ea1y to\u00e0n b\u1ed9 c\u00e1c kho\u00e1 l\u1eb7n b\u00ecnh kh\u00ed \u0111\u1ed9c l\u1eadp<\/li>\n<\/ul>\n<p data-sourcepos=\"12:1-12:35\"><strong>L\u1ee3i \u00edch c\u1ee7a vi\u1ec7c tr\u1edf th\u00e0nh AI:<\/strong><\/p>\n<ul data-sourcepos=\"14:1-17:0\">\n<li data-sourcepos=\"14:1-14:90\"><strong>N\u00e2ng cao tr\u00e1ch nhi\u1ec7m:<\/strong> \u0110\u1ea3m nh\u1eadn vai tr\u00f2 ch\u1ee7 \u0111\u1ed9ng h\u01a1n trong vi\u1ec7c h\u1ed7 tr\u1ee3 c\u00e1c gi\u00e1o vi\u00ean<\/li>\n<li data-sourcepos=\"15:1-15:113\"><strong>T\u0103ng c\u01b0\u1eddng k\u1ef9 n\u0103ng gi\u1ea3ng d\u1ea1y:<\/strong> H\u1ed7 tr\u1ee3 h\u01b0\u1edbng d\u1eabn nhi\u1ec1u ch\u01b0\u01a1ng tr\u00ecnh PADI, ti\u1ebfp thu c\u00e1c kinh nghi\u1ec7m d\u1ea1y qu\u00fd b\u00e1u<\/li>\n<li data-sourcepos=\"16:1-17:0\"><strong>X\u00e2y d\u1ef1ng t\u1ef1 tin:<\/strong> Ph\u00e1t tri\u1ec3n ki\u1ebfn th\u1ee9c l\u1eb7n v\u00e0 k\u0129 n\u0103ng l\u00e3nh \u0111\u1ea1o, d\u1eabn \u0111\u01b0\u1eddng tr\u1edf th\u00e0nh OWSI<\/li>\n<\/ul>\n<p data-sourcepos=\"18:1-18:29\"><strong>AI c\u00f3 th\u1ec3 l\u00e0m g\u00ec?<\/strong><\/p>\n<p data-sourcepos=\"20:1-20:58\">\u0110\u00e2y l\u00e0 nh\u1eefng c\u01a1 h\u1ed9i \u0111ang ch\u1edd \u0111\u00f3n b\u1ea1n:<\/p>\n<ul data-sourcepos=\"22:1-23:46\">\n<li data-sourcepos=\"22:1-22:117\"><strong>H\u01b0\u1edbng d\u1eabn c\u00e1c kho\u00e1 chuy\u00ean bi\u1ec7t:<\/strong> D\u1ea1y kho\u00e1 l\u1eb7n c\u00e2n b\u1eb1ng \u0111\u1ed9 n\u1ed5i c\u00f3 gi\u00e1o vi\u00ean gi\u00e1m s\u00e1t<\/li>\n<li data-sourcepos=\"23:1-23:46\"><strong>Gi\u1ea3ng d\u1ea1y v\u1ec1 b\u1ea3o t\u1ed3n:<\/strong> T\u1ef1 h\u01b0\u1edbng d\u1eabn c\u00e1c kho\u00e1 v\u1ec1 Nh\u1eadn th\u1ee9c v\u00e0 B\u1ea3o t\u1ed5n r\u1eb7ng san h\u00f4 c\u1ee7a PADI<\/li>\n<li data-sourcepos=\"24:1-24:94\"><strong>H\u01b0\u1edbng d\u1eabn ng\u01b0\u1eddi l\u1eb7n m\u1edbi:<\/strong> D\u1ea1y ch\u01b0\u01a1ng tr\u00ecnh tr\u1ea3i nghi\u1ec7m l\u1eb7n b\u00ecnh kh\u00ed<\/li>\n<li data-sourcepos=\"25:1-26:0\"><strong>Lan to\u1ea3 \u0111am m\u00ea l\u1eb7n:<\/strong> Gi\u00e1m s\u00e1t ch\u01b0\u01a1ng tr\u00ecnh Bubblemaker v\u00e0 Bi\u1ec7t \u0111\u1ed9i h\u1ea3i c\u1ea9u c\u1ee7a PADI<\/li>\n<\/ul>\n<p data-sourcepos=\"27:1-27:29\"><strong>Tr\u1edf th\u00e0nh AI r\u1ea5t \u0111\u01a1n gi\u1ea3n:<\/strong><\/p>\n<p data-sourcepos=\"29:1-29:316\">H\u00e3y b\u1eaft \u0111\u1ea7u ch\u1eb7ng \u0111\u01b0\u1eddng c\u1ee7a b\u1ea1n b\u1eb1ng c\u00e1ch ho\u00e0n th\u00e0nh ph\u1ea7n \u0111\u1ea7u c\u1ee7a kho\u00e1 Ph\u00e1t tri\u1ec3n gi\u00e1o vi\u00ean (IDC). Ch\u01b0\u01a1ng tr\u00ecnh n\u00e0y t\u1eadp trung v\u00e0o vi\u1ec7c x\u00e2y d\u1ef1ng c\u00e1c k\u1ef9 n\u0103ng gi\u1ea3ng d\u1ea1y v\u00e0 ki\u1ebfn th\u1ee9c l\u1eb7n cho b\u1ea1n. Sau khi ho\u00e0n th\u00e0nh b\u00e0i ki\u1ec3m tra, b\u1ea1n s\u1ebd l\u00e0 Gi\u00e1o vi\u00ean tr\u1ee3 gi\u1ea3ng v\u00e0 s\u1eb5n s\u00e0ng cho b\u01b0\u1edbc ti\u1ebfp theo trong s\u1ef1 nghi\u1ec7m \u0111i l\u1eb7n c\u1ee7a m\u00ecnh!<\/p>\n<p data-sourcepos=\"31:1-31:90\"><strong>B\u1ea1n \u0111\u00e3 s\u1eb5n s\u00e0ng b\u01b0\u1edbc ti\u1ebfp ch\u01b0a? H\u00e3y \u0111\u0103ng k\u00fd kho\u00e1 Gi\u00e1o vi\u00ean tr\u1ee3 gi\u1ea3ng PADI ngay h\u00f4m nay!<\/strong><\/p>","protected":false},"excerpt":{"rendered":"<p>Kho\u00e1 h\u1ecdc gi\u00e1o vi\u00ean chuy\u00ean m\u00f4n l\u00e0 c\u01a1 h\u1ed9i \u0111\u1ec3 b\u1ea1n lan to\u1ea3 ni\u1ec1m y\u00eau th\u00edch l\u1eb7n bi\u1ec3n th\u00f4ng qua nh\u1eefng k\u1ef9 n\u0103ng chuy\u00ean bi\u1ec7t b\u1eb1ng m\u1eb9o d\u1ea1y h\u1ecdc v\u00e0 kinh nghi\u1ec7m c\u00f3 th\u1ec3 th\u1ef1c hi\u1ec7n ngay l\u1eadp t\u1ee9c<\/p>","protected":false},"featured_media":2294,"comment_status":"open","ping_status":"closed","template":"","meta":[],"product_cat":[32,79,55,56,67],"product_tag":[83,66],"class_list":{"0":"post-2293","1":"product","2":"type-product","3":"status-publish","4":"has-post-thumbnail","6":"product_cat-all-tours-trips","7":"product_cat-ho-chi-minh","8":"product_cat-nha-trang","9":"product_cat-padi-courses","10":"product_cat-pro","11":"product_tag-5-10-days","12":"product_tag-pro","14":"first","15":"instock","16":"featured","17":"shipping-taxable","18":"purchasable","19":"product-type-simple"},"_links":{"self":[{"href":"https:\/\/pq.rumblefishvietnam.com\/vi\/wp-json\/wp\/v2\/product\/2293","targetHints":{"allow":["GET"]}}],"collection":[{"href":"https:\/\/pq.rumblefishvietnam.com\/vi\/wp-json\/wp\/v2\/product"}],"about":[{"href":"https:\/\/pq.rumblefishvietnam.com\/vi\/wp-json\/wp\/v2\/types\/product"}],"replies":[{"embeddable":true,"href":"https:\/\/pq.rumblefishvietnam.com\/vi\/wp-json\/wp\/v2\/comments?post=2293"}],"wp:featuredmedia":[{"embeddable":true,"href":"https:\/\/pq.rumblefishvietnam.com\/vi\/wp-json\/wp\/v2\/media\/2294"}],"wp:attachment":[{"href":"https:\/\/pq.rumblefishvietnam.com\/vi\/wp-json\/wp\/v2\/media?parent=2293"}],"wp:term":[{"taxonomy":"product_cat","embeddable":true,"href":"https:\/\/pq.rumblefishvietnam.com\/vi\/wp-json\/wp\/v2\/product_cat?post=2293"},{"taxonomy":"product_tag","embeddable":true,"href":"https:\/\/pq.rumblefishvietnam.com\/vi\/wp-json\/wp\/v2\/product_tag?post=2293"}],"curies":[{"name":"wp","href":"https:\/\/api.w.org\/{rel}","templated":true}]}}