{"id":2289,"date":"2024-06-01T14:54:59","date_gmt":"2024-06-01T11:54:59","guid":{"rendered":"https:\/\/pq.rumblefishvietnam.com\/?post_type=product&#038;p=2289"},"modified":"2024-07-04T20:11:14","modified_gmt":"2024-07-04T17:11:14","slug":"padi-basic-mermaid","status":"publish","type":"product","link":"https:\/\/pq.rumblefishvietnam.com\/vi\/san-pham\/padi-basic-mermaid\/","title":{"rendered":"L\u1eb7n ti\u00ean c\u00e1 c\u01a1 b\u1ea3n"},"content":{"rendered":"<p data-sourcepos=\"3:1-3:100\">Kho\u00e1 h\u1ecdc l\u1eb7n ti\u00ean c\u00e1 c\u01a1 b\u1ea3n l\u00e0 b\u01b0\u1edbc ho\u00e0n h\u1ea3o \u0111\u1ec3 t\u00ecm hi\u1ec3u, kh\u00e1m ph\u00e1 th\u1ebf gi\u1edbi d\u01b0\u1edbi n\u01b0\u1edbc di\u1ec7u k\u00ec v\u1edbi chi\u1ebfc \u0111u\u00f4i c\u00e1<\/p>\n<p data-sourcepos=\"5:1-5:17\"><strong>B\u1eaft \u0111\u1ea7u<\/strong><\/p>\n<p data-sourcepos=\"7:1-7:78\">Kho\u00e1 h\u1ecdc s\u1ebd c\u00f3 m\u1ed9t bu\u1ed5i h\u1ed3 b\u01a1i, gi\u00fap b\u1ea1n tr\u1edf n\u00ean t\u1ef1 tin:<\/p>\n<ul data-sourcepos=\"9:1-9:123\">\n<li data-sourcepos=\"9:1-9:123\"><strong>B\u01a1i ti\u00ean c\u00e1 th\u00e0nh th\u1ea1o:<\/strong> h\u1ecdc c\u00e1ch b\u01a1i uy\u1ec3n chuy\u1ec3n v\u1edbi chi\u1ebfc \u0111u\u00f4i c\u00e1 th\u1eadt tho\u1ea3i m\u00e1i v\u00e0 ch\u1ee7 \u0111\u1ed9ng<\/li>\n<li data-sourcepos=\"10:1-11:0\"><strong>Ph\u00e1t tri\u1ec3n k\u1ef9 thu\u1eadt n\u00edn th\u1edf:<\/strong> kh\u00e1m ph\u00e1 k\u1ef9 thu\u1eadt gi\u00fap b\u1ea1n t\u0103ng th\u1eddi gian \u1edf d\u01b0\u1edbi n\u01b0\u1edbc, k\u00e9o d\u00e0i h\u01a1n n\u1eefa cu\u1ed9c vui ti\u00ean c\u00e1 c\u1ee7a m\u00ecnh<\/li>\n<\/ul>\n<p data-sourcepos=\"12:1-12:31\"><strong>Tr\u1edf th\u00e0nh m\u1ed9t ti\u00ean c\u00e1 t\u1ef1 tin<\/strong><\/p>\n<p data-sourcepos=\"14:1-14:22\">Ch\u01b0\u01a1ng tr\u00ecnh ti\u00ean c\u00e1 c\u01a1 b\u1ea3n l\u00e0 n\u1ec1n t\u1ea3ng ki\u1ebfn t\u1ea1o ni\u1ec1m vui d\u01b0\u1edbi n\u01b0\u1edbc l\u00e2u d\u00e0i. N\u00f3 ph\u00f9 h\u1ee3p v\u1edbi b\u1ea5t c\u1ee9 ai mu\u1ed1n:<\/p>\n<ul data-sourcepos=\"16:1-19:0\">\n<li data-sourcepos=\"16:1-16:110\"><strong>Tr\u1ea3i nghi\u1ec7m th\u00fa v\u1ecb khi l\u1eb7n ti\u00ean c\u00e1:<\/strong> C\u1ea3m nh\u1eadn t\u1ef1 do v\u00e0 ni\u1ec1m vui l\u1ea3 l\u01b0\u1edbt qua l\u00e0n n\u01b0\u1edbc v\u1edbi chi\u1ebfc \u0111u\u00f4i c\u00e1.<\/li>\n<li data-sourcepos=\"17:1-17:100\"><strong>X\u00e2y d\u1ef1ng n\u1ec1n t\u1ea3ng v\u1eefng b\u1ec1n:<\/strong> Ph\u00e1t tri\u1ec3n c\u00e1c k\u0129 n\u0103ng c\u1ea7n thi\u1ebft tr\u01b0\u1edbc khi kh\u00e1m ph\u00e1 m\u00f4i tr\u01b0\u1eddng n\u01b0\u1edbc m\u1edf ngo\u00e0i bi\u1ec3n<\/li>\n<li data-sourcepos=\"18:1-19:0\"><strong>Tham v\u00e0o c\u1ed9ng \u0111\u1ed3ng n\u1ed5i b\u1eadt<\/strong> K\u1ebft n\u1ed1i v\u1edbi c\u00e1c ti\u00ean c\u00e1 kh\u00e1c v\u00e0 c\u00f9ng nhau chia s\u1ebb \u0111am m\u00ea v\u1edbi \u0111\u1ea1i d\u01b0\u01a1ng.<\/li>\n<\/ul>\n<p data-sourcepos=\"20:1-20:27\"><strong>B\u1ea1n \u0111\u00e3 s\u1eb5n s\u00e0ng qu\u1eaby \u0111u\u00f4i ch\u01b0a?<\/strong><\/p>\n<p data-sourcepos=\"22:1-22:103\">Tham gia kho\u00e1 h\u1ecdc l\u1eb7n ti\u00ean c\u00e1 c\u01a1 b\u1ea3n h\u00f4m nay v\u00e0 ti\u1ebfn b\u01b0\u1edbc \u0111\u1ea7u ti\u00ean \u0111\u1ec3 tr\u1edf th\u00e0nh m\u1ed9t ti\u00ean c\u00e1 th\u1ef1c th\u1ee5!<\/p>","protected":false},"excerpt":{"rendered":"<p>Gi\u1edbi thi\u1ec7u c\u00e1c nguy\u00ean t\u1eafc l\u1eb7n ti\u00ean c\u00e1, v\u0103n ho\u00e1, thi\u1ebft b\u1ecb v\u00e0 k\u0129 n\u0103ng c\u01a1 b\u1ea3n d\u01b0\u1edbi n\u01b0\u1edbc<\/p>","protected":false},"featured_media":2290,"comment_status":"open","ping_status":"closed","template":"","meta":[],"product_cat":[32,79,82,55,56],"product_tag":[63,59],"class_list":{"0":"post-2289","1":"product","2":"type-product","3":"status-publish","4":"has-post-thumbnail","6":"product_cat-all-tours-trips","7":"product_cat-ho-chi-minh","8":"product_cat-mermaid","9":"product_cat-nha-trang","10":"product_cat-padi-courses","11":"product_tag-1-day","12":"product_tag-beginners","14":"first","15":"instock","16":"shipping-taxable","17":"purchasable","18":"product-type-simple"},"_links":{"self":[{"href":"https:\/\/pq.rumblefishvietnam.com\/vi\/wp-json\/wp\/v2\/product\/2289","targetHints":{"allow":["GET"]}}],"collection":[{"href":"https:\/\/pq.rumblefishvietnam.com\/vi\/wp-json\/wp\/v2\/product"}],"about":[{"href":"https:\/\/pq.rumblefishvietnam.com\/vi\/wp-json\/wp\/v2\/types\/product"}],"replies":[{"embeddable":true,"href":"https:\/\/pq.rumblefishvietnam.com\/vi\/wp-json\/wp\/v2\/comments?post=2289"}],"wp:featuredmedia":[{"embeddable":true,"href":"https:\/\/pq.rumblefishvietnam.com\/vi\/wp-json\/wp\/v2\/media\/2290"}],"wp:attachment":[{"href":"https:\/\/pq.rumblefishvietnam.com\/vi\/wp-json\/wp\/v2\/media?parent=2289"}],"wp:term":[{"taxonomy":"product_cat","embeddable":true,"href":"https:\/\/pq.rumblefishvietnam.com\/vi\/wp-json\/wp\/v2\/product_cat?post=2289"},{"taxonomy":"product_tag","embeddable":true,"href":"https:\/\/pq.rumblefishvietnam.com\/vi\/wp-json\/wp\/v2\/product_tag?post=2289"}],"curies":[{"name":"wp","href":"https:\/\/api.w.org\/{rel}","templated":true}]}}