{"id":2287,"date":"2024-06-01T14:47:03","date_gmt":"2024-06-01T11:47:03","guid":{"rendered":"https:\/\/pq.rumblefishvietnam.com\/?post_type=product&#038;p=2287"},"modified":"2024-06-21T05:47:04","modified_gmt":"2024-06-21T02:47:04","slug":"padi-advanced-freediver","status":"publish","type":"product","link":"https:\/\/pq.rumblefishvietnam.com\/vi\/san-pham\/padi-advanced-freediver\/","title":{"rendered":"L\u1eb7n t\u1ef1 do trung c\u1ea5p"},"content":{"rendered":"<p data-sourcepos=\"3:1-3:89\">B\u1ea1n mong mu\u1ed1n n\u00e2ng cao th\u00e0nh t\u00edch c\u00e1 nh\u00e2n trong l\u1eb7n t\u1ef1 do? Kho\u00e1 h\u1ecdc l\u1eb7n t\u1ef1 do n\u00e2ng cao \u0111\u01b0\u1ee3c x\u00e2y d\u1ef1ng \u0111\u1ec3 gi\u00fap b\u1ea1n c\u1ea3i thi\u1ec7n k\u1ef9 n\u0103ng v\u00e0 kh\u00e1m ph\u00e1 \u0111\u1ed9 s\u00e2u th\u1eadt an to\u00e0n<\/p>\n<p data-sourcepos=\"5:1-5:29\"><strong>Ai c\u00f3 th\u1ec3 h\u1ecdc?<\/strong><\/p>\n<ul data-sourcepos=\"7:1-7:17\">\n<li data-sourcepos=\"7:1-7:17\">T\u1ed1i thi\u1ec3u: 15 tu\u1ed5i<\/li>\n<li data-sourcepos=\"8:1-8:42\">C\u00f3 b\u1eb1ng L\u1eb7n t\u1ef1 do PADI (ho\u1eb7c t\u01b0\u01a1ng \u0111\u01b0\u01a1ng)<\/li>\n<li data-sourcepos=\"9:1-9:99\">Ch\u1ee9ng nh\u1eadn \u0111\u00e0o t\u1ea1o S\u01a1 c\u1ea5p c\u1ee9u EFR trong v\u00f2ng 24 th\u00e1ng<\/li>\n<\/ul>\n<p data-sourcepos=\"11:1-11:24\"><strong>B\u1ea1n s\u1ebd h\u1ecdc g\u00ec?<\/strong><\/p>\n<ul data-sourcepos=\"13:1-13:101\">\n<li data-sourcepos=\"13:1-13:101\"><strong>K\u1ef9 thu\u1eadt n\u00e2ng cao:<\/strong> Th\u00e0nh th\u1ea1o k\u1ef9 n\u0103ng v\u00e0 s\u1eed d\u1ee5ng c\u00e1c thi\u1ebft b\u1ecb l\u1eb7n t\u1ef1 do n\u00e2ng cao th\u00f4ng qua elearning (ho\u1eb7c gi\u00e1o vi\u00ean \u0111\u1ee9ng l\u1edbp)<\/li>\n<li data-sourcepos=\"14:1-14:174\"><strong>T\u1eadp luy\u1ec7n \u1edf h\u1ed3 b\u01a1i:<\/strong> N\u00e2ng cao k\u1ef9 thu\u1eadt n\u00edn th\u1edf t\u0129nh v\u00e0 l\u1eb7n xa, \u0111\u1ed3ng th\u1eddi h\u1ecdc c\u00e1ch k\u00e9o gi\u00e3 c\u01a1 th\u1ec3 v\u00e0 th\u01b0 gi\u00e3n t\u1ea1i m\u00f4i tr\u01b0\u1eddng h\u1ed3 b\u01a1i<\/li>\n<li data-sourcepos=\"15:1-16:0\"><strong>Kh\u00e1m ph\u00e1 v\u00f9ng n\u01b0\u1edbc m\u1edf:<\/strong> Ki\u1ec3m nghi\u1ec7m k\u1ef9 n\u0103ng b\u1ea3n th\u00e2n \u1edf v\u00f9ng n\u01b0\u1edbc m\u1edf, th\u1ef1c h\u00e0nh l\u1eb7n k\u00e9o d\u00e2y v\u00e0 l\u1eb7n ch\u00e2n v\u1ecbt s\u00e2u h\u01a1n. B\u1ea1n c\u0169ng s\u1ebd h\u1ecdc quy tr\u00ecnh ph\u1ed1i h\u1ee3p khi l\u1eb7n v\u00e0 k\u1ef9 thu\u1eadt gi\u1ea3i c\u1ee9u an to\u00e0n n\u00e2ng cao<\/li>\n<\/ul>\n<p data-sourcepos=\"17:1-17:18\"><strong>\u0110\u1eb7t m\u1ee5c ti\u00eau m\u1edbi:<\/strong><\/p>\n<p data-sourcepos=\"19:1-19:79\">Kho\u00e1 h\u1ecdc L\u1eb7n t\u1ef1 do n\u00e2ng cao gi\u00fap b\u1ea1n \u0111\u1ea1t \u0111\u01b0\u1ee3c nh\u1eefng d\u1ea5u m\u1ed1c \u1ea5n t\u01b0\u1ee3ng:<\/p>\n<ul data-sourcepos=\"21:1-22:17\">\n<li data-sourcepos=\"21:1-21:72\">N\u00edn th\u1edf t\u0129nh: 2 ph\u00fat 30 gi\u00e2y<\/li>\n<li data-sourcepos=\"22:1-22:17\">L\u1eb7n xa: 50 m\u00e9t<\/li>\n<li data-sourcepos=\"23:1-24:0\">L\u1eb7n s\u00e2u: 20 m\u00e9t<\/li>\n<\/ul>\n<p data-sourcepos=\"25:1-25:32\"><strong>B\u1ea1n s\u1eb5n s\u00e0ng cho b\u01b0\u1edbc ti\u1ebfp theo ch\u01b0a?<\/strong><\/p>\n<p data-sourcepos=\"27:1-27:97\">Tham gia v\u00e0o kho\u00e1 h\u1ecdc l\u1eb7n t\u1ef1 do n\u00e2ng cao ngay h\u00f4m nay v\u00e0 khai ph\u00e1 to\u00e0n b\u1ed9 ti\u1ec1m n\u0103ng l\u1eb7n t\u1ef1 do c\u1ee7a b\u1ea1n n\u00e0o!<\/p>","protected":false},"excerpt":{"rendered":"<p>Kho\u00e1 h\u1ecdc \u0111\u01b0\u1ee3c x\u00e2y d\u1ef1ng gi\u00fap b\u1ea1n c\u1ea3i thi\u1ec7n k\u1ef9 n\u0103ng l\u1eb7n t\u1ef1 do, t\u0103ng c\u01b0\u1eddng th\u00e0nh t\u00edch k\u1ebft h\u1ee3p v\u1edbi qu\u00e1 tr\u00ecnh th\u1ea5u hi\u1ec3u c\u01a1 th\u1ec3 khi n\u00edn th\u1edf<\/p>","protected":false},"featured_media":2288,"comment_status":"open","ping_status":"closed","template":"","meta":[],"product_cat":[32,81,79,55,56],"product_tag":[28,62],"class_list":{"0":"post-2287","1":"product","2":"type-product","3":"status-publish","4":"has-post-thumbnail","6":"product_cat-all-tours-trips","7":"product_cat-freediving","8":"product_cat-ho-chi-minh","9":"product_cat-nha-trang","10":"product_cat-padi-courses","11":"product_tag-4-days","12":"product_tag-continuing-education","14":"first","15":"instock","16":"shipping-taxable","17":"purchasable","18":"product-type-simple"},"_links":{"self":[{"href":"https:\/\/pq.rumblefishvietnam.com\/vi\/wp-json\/wp\/v2\/product\/2287","targetHints":{"allow":["GET"]}}],"collection":[{"href":"https:\/\/pq.rumblefishvietnam.com\/vi\/wp-json\/wp\/v2\/product"}],"about":[{"href":"https:\/\/pq.rumblefishvietnam.com\/vi\/wp-json\/wp\/v2\/types\/product"}],"replies":[{"embeddable":true,"href":"https:\/\/pq.rumblefishvietnam.com\/vi\/wp-json\/wp\/v2\/comments?post=2287"}],"wp:featuredmedia":[{"embeddable":true,"href":"https:\/\/pq.rumblefishvietnam.com\/vi\/wp-json\/wp\/v2\/media\/2288"}],"wp:attachment":[{"href":"https:\/\/pq.rumblefishvietnam.com\/vi\/wp-json\/wp\/v2\/media?parent=2287"}],"wp:term":[{"taxonomy":"product_cat","embeddable":true,"href":"https:\/\/pq.rumblefishvietnam.com\/vi\/wp-json\/wp\/v2\/product_cat?post=2287"},{"taxonomy":"product_tag","embeddable":true,"href":"https:\/\/pq.rumblefishvietnam.com\/vi\/wp-json\/wp\/v2\/product_tag?post=2287"}],"curies":[{"name":"wp","href":"https:\/\/api.w.org\/{rel}","templated":true}]}}