{"id":2141,"date":"2024-05-28T21:29:18","date_gmt":"2024-05-28T18:29:18","guid":{"rendered":"https:\/\/pq.rumblefishvietnam.com\/?post_type=product&#038;p=2141"},"modified":"2024-12-11T17:33:49","modified_gmt":"2024-12-11T14:33:49","slug":"padi-discovery-scuba-diving","status":"publish","type":"product","link":"https:\/\/pq.rumblefishvietnam.com\/vi\/san-pham\/padi-discovery-scuba-diving\/","title":{"rendered":"PADI Discover Scuba Diving"},"content":{"rendered":"<p><strong>Discover Scuba Diving in Phu Quoc<\/strong><\/p>\n<p>H\u1ecdc c\u00e1c k\u1ef9 n\u0103ng l\u1eb7n b\u00ecnh kh\u00ed c\u01a1 b\u1ea3n v\u00e0 tr\u1ea3i nghi\u1ec7m vi\u1ec7c th\u1edf d\u01b0\u1edbi n\u01b0\u1edbc c\u00f9ng b\u00ecnh kh\u00ed<\/p>\n<p>N\u1ebfu b\u1ea1n t\u00f2 m\u00f2 v\u1ec1 m\u00f4n l\u1eb7n bi\u1ec3n nh\u01b0ng ng\u1ea7n ng\u1ea1i tham gia kh\u00f3a h\u1ecdc c\u1ea5p ch\u1ee9ng ch\u1ec9, ch\u01b0\u01a1ng tr\u00ecnh L\u1eb7n Tr\u1ea3i Nghi\u1ec7m l\u00e0 c\u01a1 h\u1ed9i l\u00fd t\u01b0\u1edfng \u0111\u1ec3 \u0111\u1eb7t ch\u00e2n xu\u1ed1ng n\u01b0\u1edbc. Trong m\u1ed9t bu\u1ed5i h\u1ecdc ng\u1eafn, b\u1ea1n s\u1ebd c\u00f3 \u0111\u01b0\u1ee3c c\u00e1c k\u1ef9 n\u0103ng l\u1eb7n c\u01a1 b\u1ea3n v\u00e0 h\u00edt th\u1edf nh\u1eefng h\u01a1i th\u1edf \u0111\u1ea7u ti\u00ean d\u01b0\u1edbi n\u01b0\u1edbc.<\/p>\n<p data-sourcepos=\"3:1-3:59\"><strong>Dive into the underwater world without a certification!<\/strong><\/p>\n<ul data-sourcepos=\"5:1-7:0\">\n<li data-sourcepos=\"5:1-5:33\"><strong>2 dives<\/strong> in unique locations<\/li>\n<li data-sourcepos=\"6:1-7:0\"><strong>Personalized instruction<\/strong> with a 2:1 student-to-instructor ratio<\/li>\n<\/ul>\n<p data-sourcepos=\"8:1-8:87\"><strong>Experience the thrill of breathing underwater and exploring Phu Quoc&#8217;s marine life.<\/strong><\/p>\n<p data-sourcepos=\"10:1-10:189\">Our program is perfect for those curious about scuba diving but unsure about committing to a full course. Learn the basics, explore the ocean, and create unforgettable memories in Phu Quoc.<\/p>","protected":false},"excerpt":{"rendered":"<p>H\u1ecdc c\u00e1c k\u1ef9 n\u0103ng l\u1eb7n b\u00ecnh kh\u00ed c\u01a1 b\u1ea3n v\u00e0 tr\u1ea3i nghi\u1ec7m vi\u1ec7c th\u1edf d\u01b0\u1edbi n\u01b0\u1edbc c\u00f9ng b\u00ecnh kh\u00ed<\/p>","protected":false},"featured_media":2147,"comment_status":"open","ping_status":"closed","template":"","meta":[],"product_cat":[32,68,56,97,74],"product_tag":[63,59],"class_list":{"0":"post-2141","1":"product","2":"type-product","3":"status-publish","4":"has-post-thumbnail","6":"product_cat-all-tours-trips","7":"product_cat-daily-diving","8":"product_cat-padi-courses","9":"product_cat-phu-quoc","10":"product_cat-start-diving","11":"product_tag-1-day","12":"product_tag-beginners","14":"first","15":"instock","16":"featured","17":"shipping-taxable","18":"purchasable","19":"product-type-simple"},"_links":{"self":[{"href":"https:\/\/pq.rumblefishvietnam.com\/vi\/wp-json\/wp\/v2\/product\/2141","targetHints":{"allow":["GET"]}}],"collection":[{"href":"https:\/\/pq.rumblefishvietnam.com\/vi\/wp-json\/wp\/v2\/product"}],"about":[{"href":"https:\/\/pq.rumblefishvietnam.com\/vi\/wp-json\/wp\/v2\/types\/product"}],"replies":[{"embeddable":true,"href":"https:\/\/pq.rumblefishvietnam.com\/vi\/wp-json\/wp\/v2\/comments?post=2141"}],"wp:featuredmedia":[{"embeddable":true,"href":"https:\/\/pq.rumblefishvietnam.com\/vi\/wp-json\/wp\/v2\/media\/2147"}],"wp:attachment":[{"href":"https:\/\/pq.rumblefishvietnam.com\/vi\/wp-json\/wp\/v2\/media?parent=2141"}],"wp:term":[{"taxonomy":"product_cat","embeddable":true,"href":"https:\/\/pq.rumblefishvietnam.com\/vi\/wp-json\/wp\/v2\/product_cat?post=2141"},{"taxonomy":"product_tag","embeddable":true,"href":"https:\/\/pq.rumblefishvietnam.com\/vi\/wp-json\/wp\/v2\/product_tag?post=2141"}],"curies":[{"name":"wp","href":"https:\/\/api.w.org\/{rel}","templated":true}]}}