{"id":2137,"date":"2024-05-28T21:16:34","date_gmt":"2024-05-28T18:16:34","guid":{"rendered":"https:\/\/pq.rumblefishvietnam.com\/?post_type=product&#038;p=2137"},"modified":"2024-12-11T17:34:34","modified_gmt":"2024-12-11T14:34:34","slug":"enriched-air-nitrox-specialty","status":"publish","type":"product","link":"https:\/\/pq.rumblefishvietnam.com\/vi\/san-pham\/enriched-air-nitrox-specialty\/","title":{"rendered":"L\u1eb7n b\u00ecnh kh\u00ed gi\u00e0u oxy"},"content":{"rendered":"<p>B\u1ea1n mu\u1ed1n t\u0103ng th\u1eddi gian l\u1eb7n v\u00e0 t\u1eadn h\u01b0\u1edfng \u0111i\u1ec3m l\u1eb7n y\u00eau th\u00edch \u0111\u01b0\u1ee3c l\u00e2u h\u01a1n? H\u00e3y \u0111\u0103ng k\u00ed kho\u00e1 chuy\u00ean bi\u1ec7t v\u1ec1 kh\u00ed gi\u00e0u oxy v\u00e0 nh\u1eadn ch\u1ee9ng ch\u1ec9 Nitrox! Kho\u00e1 h\u1ecdc n\u00e0y s\u1ebd gi\u00fap t\u1ed1i \u0111a ho\u00e1 th\u1eddi gian l\u1eb7n c\u1ee7a b\u1ea1n, \u0111\u1eb7c bi\u1ec7t nh\u1eefng ng\u00e0y l\u1eb7n nhi\u1ec1u ca \u0111\u1ed3ng th\u1eddi gi\u00fap gi\u1ea3m m\u1ec7t m\u1ecfi khi l\u1eb7n.<\/p>\n<p>H\u00e3y nh\u1eadn ch\u1ee9ng ch\u1ec9 k\u1ef9 n\u0103ng chuy\u00ean bi\u1ec7t l\u1eb7n kh\u00ed gi\u00e0u oxy ngay h\u00f4m nay!<\/p>\n<p>Sau khi ho\u00e0n th\u00e0nh kho\u00e1 h\u1ecdc, b\u1ea1n s\u1ebd nh\u1eadn \u0111\u01b0\u1ee3c ch\u1ee9ng ch\u1ec9 Enriched Air Nitrox 32% ho\u1eb7c 40%.<\/p>","protected":false},"excerpt":{"rendered":"<p>Kho\u00e1 h\u1ecdc h\u01b0\u1edbng d\u1eabn c\u00e1ch k\u00e9o d\u00e0i th\u1eddi gian l\u1eb7n v\u00e0 t\u1eadn h\u01b0\u1edfng \u0111i\u1ec3m l\u1eb7n \u01b0a th\u00edch c\u1ee7a m\u00ecnh \u0111\u01b0\u1ee3c th\u1eadt l\u00e2u!<\/p>","protected":false},"featured_media":2138,"comment_status":"open","ping_status":"closed","template":"","meta":[],"product_cat":[32,75,79,56,97],"product_tag":[61,62],"class_list":{"0":"post-2137","1":"product","2":"type-product","3":"status-publish","4":"has-post-thumbnail","6":"product_cat-all-tours-trips","7":"product_cat-continue-learning","8":"product_cat-ho-chi-minh","9":"product_cat-padi-courses","10":"product_cat-phu-quoc","11":"product_tag-2-days","12":"product_tag-continuing-education","14":"first","15":"instock","16":"featured","17":"shipping-taxable","18":"purchasable","19":"product-type-simple"},"_links":{"self":[{"href":"https:\/\/pq.rumblefishvietnam.com\/vi\/wp-json\/wp\/v2\/product\/2137","targetHints":{"allow":["GET"]}}],"collection":[{"href":"https:\/\/pq.rumblefishvietnam.com\/vi\/wp-json\/wp\/v2\/product"}],"about":[{"href":"https:\/\/pq.rumblefishvietnam.com\/vi\/wp-json\/wp\/v2\/types\/product"}],"replies":[{"embeddable":true,"href":"https:\/\/pq.rumblefishvietnam.com\/vi\/wp-json\/wp\/v2\/comments?post=2137"}],"wp:featuredmedia":[{"embeddable":true,"href":"https:\/\/pq.rumblefishvietnam.com\/vi\/wp-json\/wp\/v2\/media\/2138"}],"wp:attachment":[{"href":"https:\/\/pq.rumblefishvietnam.com\/vi\/wp-json\/wp\/v2\/media?parent=2137"}],"wp:term":[{"taxonomy":"product_cat","embeddable":true,"href":"https:\/\/pq.rumblefishvietnam.com\/vi\/wp-json\/wp\/v2\/product_cat?post=2137"},{"taxonomy":"product_tag","embeddable":true,"href":"https:\/\/pq.rumblefishvietnam.com\/vi\/wp-json\/wp\/v2\/product_tag?post=2137"}],"curies":[{"name":"wp","href":"https:\/\/api.w.org\/{rel}","templated":true}]}}