{"id":2132,"date":"2024-05-28T20:58:16","date_gmt":"2024-05-28T17:58:16","guid":{"rendered":"https:\/\/pq.rumblefishvietnam.com\/?post_type=product&#038;p=2132"},"modified":"2024-06-15T11:28:58","modified_gmt":"2024-06-15T08:28:58","slug":"open-water-scuba-instructor","status":"publish","type":"product","link":"https:\/\/pq.rumblefishvietnam.com\/vi\/san-pham\/open-water-scuba-instructor\/","title":{"rendered":"Gi\u00e1o vi\u00ean l\u1eb7n b\u00ecnh kh\u00ed"},"content":{"rendered":"<p>N\u1ebfu b\u1ea1n th\u00edch vi\u1ec7c giao l\u01b0u v\u1edbi m\u1ecdi ng\u01b0\u1eddi, \u0111am m\u00ea l\u1eb7n b\u00ecnh kh\u00ed, v\u00e0 mu\u1ed1n m\u1ed9t cu\u1ed9c s\u1ed1ng th\u00fa v\u1ecb th\u00ec h\u00e3y tr\u1edf th\u00e0nh gi\u00e1o vi\u00ean PADI. \u0110i d\u1ea1y l\u1eb7n b\u00ecnh kh\u00ed s\u1ebd gi\u00fap b\u1ea1n lan to\u1ea3 \u0111am m\u00ea c\u1ee7a m\u00ecnh \u0111\u1ed1i v\u1edbi th\u1ebf gi\u1edbi \u0111\u1ea1i d\u01b0\u01a1ng l\u1ea1i v\u1eeba \u0111\u01b0\u1ee3c \u0111\u1eafm ch\u00ecm trong s\u1edf th\u00edch \u0111\u00f3. Gi\u00e1o vi\u00ean l\u1eb7n b\u00ecnh kh\u00ed PADI v\u00e0 Gi\u00e1o vi\u00ean tr\u1ee3 gi\u1ea3ng PADI lu\u00f4n \u0111\u01b0\u1ee3c s\u0103n \u0111\u00f3n kh\u1eafp th\u1ebf gi\u1edbi v\u00ec h\u1ecd l\u00e0 ng\u01b0\u1eddi \u0111\u00e3 ho\u00e0n th\u00e0nh ch\u01b0\u01a1ng tr\u00ecnh x\u00e2y d\u1ef1ng n\u00ean nh\u1eefng ti\u00eau chu\u1ea9n \u0111\u00e0o t\u1ea1o l\u1eb7n chuy\u00ean nghi\u1ec7p. Danh hi\u1ec7u Gi\u00e1o vi\u00ean PADI \u0111\u00f2i h\u1ecfi s\u1ef1 l\u00e0m vi\u1ec7c v\u00e0 c\u1ed1ng hi\u1ebfn ch\u0103m ch\u1ec9 nh\u01b0ng n\u00f3 trao t\u1eb7ng cho b\u1ea1n m\u1ed9t c\u00f4ng vi\u1ec7c cho ph\u00e9p b\u1ea1n \u0111\u01b0\u1ee3c chia s\u1ebb nh\u1eefng tr\u1ea3i nghi\u1ec7m tuy\u1ec7t v\u1eddi d\u01b0\u1edbi n\u01b0\u1edbc v\u1edbi m\u1ecdi ng\u01b0\u1eddi, thay \u0111\u1ed5i cu\u1ed9c s\u1ed1ng c\u1ee7a h\u1ecd m\u1ed9t c\u00e1ch t\u00edch c\u1ef1c v\u00e0 cho ch\u00ednh cu\u1ed9c s\u1ed1ng c\u1ee7a b\u1ea1n n\u1eefa.<\/p>\n<p>B\u1ea1n \u0111\u00e3 chu\u1ea9n b\u1ecb \u0111\u1ec3 tham gia v\u00e0o t\u1ea7ng l\u1edbp chuy\u00ean gia d\u1ea1y nh\u1eefng ch\u01b0\u01a1ng tr\u00ecnh gi\u00e1o d\u1ee5c v\u1ec1 l\u1eb7n b\u00ecnh kh\u00ed ti\u00ean ti\u1ebfn v\u00e0 ph\u1ed5 bi\u1ebfn nh\u1ea5t ch\u01b0a? N\u1ebfu c\u00e2u tr\u1ea3 l\u1eddi l\u00e0 c\u00f3 th\u00ec h\u00e3y n\u00e2ng t\u1ea7m s\u1ef1 nghi\u1ec7p c\u1ee7a b\u1ea1n v\u1edbi kho\u00e1 h\u1ecdc Ph\u00e1t tri\u1ec3n Gi\u00e1o vi\u00ean c\u1ee7a PADI.<\/p>\n<p>Kho\u00e1 h\u1ecdc Ph\u00e1t tri\u1ec3n Gi\u00e1o vi\u00ean (IDC) bao g\u1ed3m 2 ph\u1ea7n: kho\u00e1 Gi\u00e1o vi\u00ean tr\u1ee3 gi\u1ea3ng (AI) v\u00e0 ch\u01b0\u01a1ng tr\u00ecnh Gi\u00e1o vi\u00ean L\u1eb7n b\u00ecnh kh\u00ed (OWSI). Sau khi ho\u00e0n th\u00e0nh 2 kho\u00e1 h\u1ecdc v\u00e0 tham gia k\u00ec Ki\u1ec3m tra Gi\u00e1o vi\u00ean (IE), b\u1ea1n s\u1ebd \u0111\u01b0\u1ee3c ch\u1ee9ng nh\u1eadn l\u00e0 gi\u00e1o vi\u00ean PADI.<\/p>\n<p>Ho\u00e0n th\u00e0nh kho\u00e1 AI s\u1ebd \u0111\u01b0\u1ee3c c\u00f4ng nh\u1eadn l\u00e0 Gi\u00e1o vi\u00ean tr\u1ee3 gi\u1ea3ng PADI. AI c\u00f3 th\u1ec3 th\u0103ng c\u1ea5p khi tham gia v\u00e0o ch\u01b0\u01a1ng tr\u00ecnh OWSI v\u00e0 sau \u0111\u00f3 l\u00e0 k\u00ec Ki\u1ec3m tra Gi\u00e1o vi\u00ean \u0111\u1ec3 ch\u00ednh th\u1ee9c tr\u1edf th\u00e0nh Gi\u00e1o vi\u00ean PADI.<\/p>\n<p>C\u00e1c chuy\u00ean gia l\u1eb7n c\u00f3 b\u1eb1ng gi\u00e1o vi\u00ean \u0111\u1ebfn t\u1eeb c\u00e1c t\u1ed5 ch\u1ee9c \u0111\u00e0o t\u1ea1o l\u1eb7n kh\u00e1c c\u0169ng c\u00f3 th\u1ec3 tr\u1ef1c ti\u1ebfp tham gia v\u00e0o kho\u00e1 OWSI n\u1ebfu ch\u1ee9ng nh\u1eadn \u0111\u01b0\u1ee3c vi\u1ec7c \u0111\u00e0o t\u1ea1o gi\u00e1o vi\u00ean tr\u01b0\u1edbc \u0111\u00f3 c\u1ee7a h\u1ecd v\u00e0 l\u00e0 con \u0111\u01b0\u1eddng \u0111\u1ec3 tr\u1edf th\u00e0nh Gi\u00e1o vi\u00ean PADI.<\/p>\n<ul>\n<li>Chuy\u00ean vi\u00ean l\u1eb7n PADI l\u00e0 th\u1ee3 l\u1eb7n c\u00f3 ch\u1ee9ng nh\u1eadn tr\u00ean 6 th\u00e1ng \u0111\u1ec1u \u0111\u1ee7 ti\u00eau chu\u1ea9n \u0111\u1ec3 tham gia v\u00e0o kho\u00e1 Ph\u00e1t tri\u1ec3n gi\u00e1o vi\u00ean PADI. C\u00e1c \u0111i\u1ec1u ki\u1ec7n b\u1ed5 sung bao g\u1ed3m:<\/li>\n<li>- \u0110\u00e3 c\u00f3 t\u1ed1i thi\u1ec3u 60 ca l\u1eb7n v\u00e0 ho\u00e0n th\u00e0nh 100 ca l\u1eb7n tr\u01b0\u1edbc khi thi IE.<\/li>\n<li>- Ho\u00e0n th\u00e0nh Kho\u00e1 S\u01a1 c\u1ea5p c\u1ee9u EFR c\u00f3 th\u1eddi h\u1ea1n trong 24 th\u00e1ng<\/li>\n<\/ul>","protected":false},"excerpt":{"rendered":"<p>B\u1ea1n y\u00eau th\u00edch l\u1eb7n bi\u1ec3n v\u00e0 mu\u1ed1n chia s\u1ebb \u0111am m\u00ea v\u1edbi ng\u01b0\u1eddi kh\u00e1c v\u1ec1 cu\u1ed9c s\u1ed1ng thi v\u1ecb c\u1ee7a m\u00ecnh, b\u1ea1n h\u00e3y tr\u1edf th\u00e0nh gi\u00e1o vi\u00ean l\u1eb7n PADI<\/p>","protected":false},"featured_media":2133,"comment_status":"open","ping_status":"closed","template":"","meta":[],"product_cat":[32,55,56,67],"product_tag":[65,66],"class_list":{"0":"post-2132","1":"product","2":"type-product","3":"status-publish","4":"has-post-thumbnail","6":"product_cat-all-tours-trips","7":"product_cat-nha-trang","8":"product_cat-padi-courses","9":"product_cat-pro","10":"product_tag-14-21-days","11":"product_tag-pro","13":"first","14":"instock","15":"featured","16":"shipping-taxable","17":"purchasable","18":"product-type-simple"},"_links":{"self":[{"href":"https:\/\/pq.rumblefishvietnam.com\/vi\/wp-json\/wp\/v2\/product\/2132","targetHints":{"allow":["GET"]}}],"collection":[{"href":"https:\/\/pq.rumblefishvietnam.com\/vi\/wp-json\/wp\/v2\/product"}],"about":[{"href":"https:\/\/pq.rumblefishvietnam.com\/vi\/wp-json\/wp\/v2\/types\/product"}],"replies":[{"embeddable":true,"href":"https:\/\/pq.rumblefishvietnam.com\/vi\/wp-json\/wp\/v2\/comments?post=2132"}],"wp:featuredmedia":[{"embeddable":true,"href":"https:\/\/pq.rumblefishvietnam.com\/vi\/wp-json\/wp\/v2\/media\/2133"}],"wp:attachment":[{"href":"https:\/\/pq.rumblefishvietnam.com\/vi\/wp-json\/wp\/v2\/media?parent=2132"}],"wp:term":[{"taxonomy":"product_cat","embeddable":true,"href":"https:\/\/pq.rumblefishvietnam.com\/vi\/wp-json\/wp\/v2\/product_cat?post=2132"},{"taxonomy":"product_tag","embeddable":true,"href":"https:\/\/pq.rumblefishvietnam.com\/vi\/wp-json\/wp\/v2\/product_tag?post=2132"}],"curies":[{"name":"wp","href":"https:\/\/api.w.org\/{rel}","templated":true}]}}