{"id":2121,"date":"2024-05-28T19:54:18","date_gmt":"2024-05-28T16:54:18","guid":{"rendered":"https:\/\/pq.rumblefishvietnam.com\/?post_type=product&#038;p=2121"},"modified":"2024-12-11T17:36:43","modified_gmt":"2024-12-11T14:36:43","slug":"padi-advanced-open-water","status":"publish","type":"product","link":"https:\/\/pq.rumblefishvietnam.com\/vi\/san-pham\/padi-advanced-open-water\/","title":{"rendered":"L\u1eb7n b\u00ecnh kh\u00ed n\u00e2ng cao"},"content":{"rendered":"<p>Giai \u0111o\u1ea1n k\u1ebf ti\u1ebfp trong s\u1ef1 nghi\u1ec7p l\u1eb7n s\u1ebd l\u00e0 kho\u00e1 h\u1ecdc l\u1eb7n n\u00e2ng cao 3 ng\u00e0y. Kho\u00e1 h\u1ecdc n\u00e0y s\u1ebd n\u00e2ng cao ki\u1ebfn th\u1ee9c, k\u1ef9 n\u0103ng v\u00e0 n\u0103ng l\u1ef1c l\u1eb7n c\u1ee7a b\u1ea1n v\u00e0 c\u00f3 ch\u1ee9ng ch\u1ec9 \u0111\u01b0\u1ee3c l\u1eb7n s\u00e2u t\u1edbi 30m.<\/p>\n<p>Kho\u00e1 h\u1ecdc l\u1eb7n n\u00e2ng cao g\u1ed3m 5 ca l\u1eb7n chuy\u00ean bi\u1ec7t trong 2 ng\u00e0y. C\u00e1c ca l\u1eb7n bao g\u1ed3m:<\/p>\n<p>- \u0110\u1ecbnh h\u01b0\u1edbng d\u01b0\u1edbi n\u01b0\u1edbc (b\u1eaft bu\u1ed9c)<br \/>\n- L\u1eb7n s\u00e2u t\u1ed1i \u0111a 30m (b\u1eaft bu\u1ed9c)<br \/>\n- C\u00e2n b\u1eb1ng \u0111\u1ed9 n\u1ed5i<br \/>\n- T\u00ecm ki\u1ebfm v\u00e0 ph\u1ee5c h\u1ed3i<br \/>\n- L\u1eb7n tr\u00f4i<br \/>\n- M\u00e1y t\u00ednh l\u1eb7n<br \/>\n- L\u1eb7n quay phim v\u00e0 ch\u1ee5p h\u00ecnh<br \/>\n- Nh\u1eadn di\u1ec7n c\u00e1c lo\u1ea1i c\u00e1<\/p>\n<p>*L\u01b0u \u00fd r\u1eb1ng th\u1eddi ti\u1ebft c\u00f3 th\u1ec3 \u1ea3nh h\u01b0\u1edfng t\u1edbi vi\u1ec7c l\u1ef1a ch\u1ecdn k\u1ef9 n\u0103ng l\u1eb7n.<\/p>","protected":false},"excerpt":{"rendered":"<p>The Advanced Open Water Diver course is all about advancing your skills. You&#8217;ll practice navigation and buoyancy, try deep diving and make three specialty dives of your choosing (it&#8217;s like a specialty sampler platter).<\/p>","protected":false},"featured_media":2106,"comment_status":"open","ping_status":"closed","template":"","meta":[],"product_cat":[32,75,56,97],"product_tag":[61,62],"class_list":{"0":"post-2121","1":"product","2":"type-product","3":"status-publish","4":"has-post-thumbnail","6":"product_cat-all-tours-trips","7":"product_cat-continue-learning","8":"product_cat-padi-courses","9":"product_cat-phu-quoc","10":"product_tag-2-days","11":"product_tag-continuing-education","13":"first","14":"instock","15":"featured","16":"shipping-taxable","17":"purchasable","18":"product-type-simple"},"_links":{"self":[{"href":"https:\/\/pq.rumblefishvietnam.com\/vi\/wp-json\/wp\/v2\/product\/2121","targetHints":{"allow":["GET"]}}],"collection":[{"href":"https:\/\/pq.rumblefishvietnam.com\/vi\/wp-json\/wp\/v2\/product"}],"about":[{"href":"https:\/\/pq.rumblefishvietnam.com\/vi\/wp-json\/wp\/v2\/types\/product"}],"replies":[{"embeddable":true,"href":"https:\/\/pq.rumblefishvietnam.com\/vi\/wp-json\/wp\/v2\/comments?post=2121"}],"wp:featuredmedia":[{"embeddable":true,"href":"https:\/\/pq.rumblefishvietnam.com\/vi\/wp-json\/wp\/v2\/media\/2106"}],"wp:attachment":[{"href":"https:\/\/pq.rumblefishvietnam.com\/vi\/wp-json\/wp\/v2\/media?parent=2121"}],"wp:term":[{"taxonomy":"product_cat","embeddable":true,"href":"https:\/\/pq.rumblefishvietnam.com\/vi\/wp-json\/wp\/v2\/product_cat?post=2121"},{"taxonomy":"product_tag","embeddable":true,"href":"https:\/\/pq.rumblefishvietnam.com\/vi\/wp-json\/wp\/v2\/product_tag?post=2121"}],"curies":[{"name":"wp","href":"https:\/\/api.w.org\/{rel}","templated":true}]}}